{"id":32,"date":"2025-08-01T00:55:15","date_gmt":"2025-07-31T22:55:15","guid":{"rendered":"https:\/\/folprecht.hiseo.cz\/?page_id=32"},"modified":"2026-01-07T00:16:05","modified_gmt":"2026-01-06T23:16:05","slug":"audio-video","status":"publish","type":"page","link":"https:\/\/folprecht.hiseo.cz\/en\/audio-video\/","title":{"rendered":"AUDIO VIDEO"},"content":{"rendered":"<div data-elementor-type=\"wp-page\" data-elementor-id=\"32\" class=\"elementor elementor-32\" data-elementor-post-type=\"page\">\n\t\t\t\t<div class=\"elementor-element elementor-element-0c22089 e-con-full e-flex e-con e-parent\" data-id=\"0c22089\" data-element_type=\"container\" data-settings=\"{&quot;background_background&quot;:&quot;none&quot;}\">\n\t\t<div class=\"elementor-element elementor-element-4aefa09 e-con-full elementor-hidden-mobile e-flex elementor-invisible e-con e-child\" data-id=\"4aefa09\" data-element_type=\"container\" data-settings=\"{&quot;background_background&quot;:&quot;classic&quot;,&quot;animation&quot;:&quot;slideInLeft&quot;}\">\n\t\t\t\t<div class=\"elementor-element elementor-element-a1149dc animated-slow elementor-widget__width-initial elementor-invisible elementor-widget elementor-widget-image\" data-id=\"a1149dc\" data-element_type=\"widget\" data-settings=\"{&quot;_animation&quot;:&quot;slideInLeft&quot;,&quot;_animation_delay&quot;:100}\" data-widget_type=\"image.default\">\n\t\t\t\t\t\t\t\t\t\t\t\t\t\t\t<img fetchpriority=\"high\" decoding=\"async\" width=\"800\" height=\"534\" src=\"https:\/\/folprecht.hiseo.cz\/wp-content\/uploads\/2025\/08\/iflop-f-1024x683.webp\" class=\"attachment-large size-large wp-image-161\" alt=\"\" srcset=\"https:\/\/folprecht.hiseo.cz\/wp-content\/uploads\/2025\/08\/iflop-f-1024x683.webp 1024w, https:\/\/folprecht.hiseo.cz\/wp-content\/uploads\/2025\/08\/iflop-f-300x200.webp 300w, https:\/\/folprecht.hiseo.cz\/wp-content\/uploads\/2025\/08\/iflop-f-768x512.webp 768w, https:\/\/folprecht.hiseo.cz\/wp-content\/uploads\/2025\/08\/iflop-f-1536x1024.webp 1536w, https:\/\/folprecht.hiseo.cz\/wp-content\/uploads\/2025\/08\/iflop-f-2048x1365.webp 2048w\" sizes=\"(max-width: 800px) 100vw, 800px\" \/>\t\t\t\t\t\t\t\t\t\t\t\t\t\t\t<\/div>\n\t\t\t\t<\/div>\n\t\t<div class=\"elementor-element elementor-element-4567735 e-con-full e-flex e-con e-child\" data-id=\"4567735\" data-element_type=\"container\" data-settings=\"{&quot;background_background&quot;:&quot;none&quot;}\">\n\t\t<div class=\"elementor-element elementor-element-7dceb13 e-flex e-con-boxed e-con e-child\" data-id=\"7dceb13\" data-element_type=\"container\">\n\t\t\t\t\t<div class=\"e-con-inner\">\n\t\t\t\t<div class=\"elementor-element elementor-element-aa58d72 elementor-widget elementor-widget-heading\" data-id=\"aa58d72\" data-element_type=\"widget\" data-widget_type=\"heading.default\">\n\t\t\t\t\t<h2 class=\"elementor-heading-title elementor-size-default\">AUDIO-VIDEO<\/h2>\t\t\t\t<\/div>\n\t\t\t\t<div class=\"elementor-element elementor-element-fbf10e5 elementor-widget-divider--view-line elementor-widget elementor-widget-divider\" data-id=\"fbf10e5\" data-element_type=\"widget\" data-widget_type=\"divider.default\">\n\t\t\t\t\t\t\t<div class=\"elementor-divider\">\n\t\t\t<span class=\"elementor-divider-separator\">\n\t\t\t\t\t\t<\/span>\n\t\t<\/div>\n\t\t\t\t\t\t<\/div>\n\t\t\t\t<div class=\"elementor-element elementor-element-cd5fff3 elementor-widget elementor-widget-text-editor\" data-id=\"cd5fff3\" data-element_type=\"widget\" data-widget_type=\"text-editor.default\">\n\t\t\t\t\t\t\t\t\t<div><strong>Specializuji se na produkci a v\u00fdrobu audiovizu\u00e1ln\u00edch d\u011bl. Nab\u00edz\u00edm komplexn\u00ed produk\u010dn\u00ed slu\u017eby a zaji\u0161t\u011bn\u00ed nat\u00e1\u010den\u00ed a\u0165 ji\u017e drobn\u00fdch akc\u00ed a ud\u00e1lost\u00ed nebo velk\u00fdch a v\u00fdpravn\u00fdch projekt\u016f.<\/strong><\/div><div>\u00a0<\/div><div>Profesion\u00e1ln\u00ed nat\u00e1\u010den\u00ed bez kompromis\u016f. D\u00edky dlouholet\u00e9 praxi a spolupr\u00e1ci na mnoha i zahrani\u010dn\u00edch projektech nab\u00edz\u00edm rozs\u00e1hl\u00e9 zku\u0161enosti a profesionalitu p\u0159i realizaci Va\u0161ich p\u0159edstav.<\/div>\t\t\t\t\t\t\t\t<\/div>\n\t\t\t\t<div class=\"elementor-element elementor-element-09d9205 elementor-widget elementor-widget-text-editor\" data-id=\"09d9205\" data-element_type=\"widget\" data-widget_type=\"text-editor.default\">\n\t\t\t\t\t\t\t\t\t<div>F\u00e9rov\u00e9 ceny, individu\u00e1ln\u00ed p\u0159\u00edstup a t\u00fdm, kter\u00fd v\u00e1\u0161 projekt dovede k dokonalosti.<\/div><div>Od p\u0159\u00edpravy p\u0159es nat\u00e1\u010den\u00ed a\u017e po postprodukci \u2013 v\u0161e hladce, rychle a bez starost\u00ed. Nebojte se zeptat.\u00a0<\/div>\t\t\t\t\t\t\t\t<\/div>\n\t\t\t\t\t<\/div>\n\t\t\t\t<\/div>\n\t\t\t\t<\/div>\n\t\t\t\t<\/div>\n\t\t<div class=\"elementor-element elementor-element-431501f e-flex e-con-boxed e-con e-parent\" data-id=\"431501f\" data-element_type=\"container\">\n\t\t\t\t\t<div class=\"e-con-inner\">\n\t\t<div class=\"elementor-element elementor-element-84a6616 e-flex e-con-boxed e-con e-child\" data-id=\"84a6616\" data-element_type=\"container\">\n\t\t\t\t\t<div class=\"e-con-inner\">\n\t\t\t\t<div class=\"elementor-element elementor-element-f460e3a elementor-invisible elementor-widget elementor-widget-heading\" data-id=\"f460e3a\" data-element_type=\"widget\" data-settings=\"{&quot;_animation&quot;:&quot;slideInUp&quot;}\" data-widget_type=\"heading.default\">\n\t\t\t\t\t<h2 class=\"elementor-heading-title elementor-size-default\">FOTOGALERIE<\/h2>\t\t\t\t<\/div>\n\t\t\t\t<div class=\"elementor-element elementor-element-d6ab7ed elementor-invisible elementor-widget elementor-widget-gallery\" data-id=\"d6ab7ed\" data-element_type=\"widget\" data-settings=\"{&quot;gallery_layout&quot;:&quot;masonry&quot;,&quot;_animation&quot;:&quot;slideInUp&quot;,&quot;columns&quot;:3,&quot;lazyload&quot;:&quot;yes&quot;,&quot;columns_tablet&quot;:2,&quot;columns_mobile&quot;:1,&quot;gap&quot;:{&quot;unit&quot;:&quot;px&quot;,&quot;size&quot;:10,&quot;sizes&quot;:[]},&quot;gap_tablet&quot;:{&quot;unit&quot;:&quot;px&quot;,&quot;size&quot;:10,&quot;sizes&quot;:[]},&quot;gap_mobile&quot;:{&quot;unit&quot;:&quot;px&quot;,&quot;size&quot;:10,&quot;sizes&quot;:[]},&quot;link_to&quot;:&quot;file&quot;,&quot;overlay_background&quot;:&quot;yes&quot;,&quot;content_hover_animation&quot;:&quot;fade-in&quot;}\" data-widget_type=\"gallery.default\">\n\t\t\t\t\t\t\t<div class=\"elementor-gallery__container\">\n\t\t\t\t\t\t\t<a class=\"e-gallery-item elementor-gallery-item elementor-animated-content\" href=\"https:\/\/folprecht.hiseo.cz\/wp-content\/uploads\/2025\/08\/iflop-a-scaled.webp\" data-elementor-open-lightbox=\"yes\" data-elementor-lightbox-slideshow=\"d6ab7ed\" data-elementor-lightbox-title=\"iflop a\" data-e-action-hash=\"#elementor-action%3Aaction%3Dlightbox%26settings%3DeyJpZCI6MTY4LCJ1cmwiOiJodHRwczpcL1wvZm9scHJlY2h0Lmhpc2VvLmN6XC93cC1jb250ZW50XC91cGxvYWRzXC8yMDI1XC8wOFwvaWZsb3AtYS1zY2FsZWQud2VicCIsInNsaWRlc2hvdyI6ImQ2YWI3ZWQifQ%3D%3D\">\n\t\t\t\t\t<div class=\"e-gallery-image elementor-gallery-item__image\" data-thumbnail=\"https:\/\/folprecht.hiseo.cz\/wp-content\/uploads\/2025\/08\/iflop-a-768x513.webp\" data-width=\"768\" data-height=\"513\" aria-label=\"\" role=\"img\" ><\/div>\n\t\t\t\t\t\t\t\t\t\t\t<div class=\"elementor-gallery-item__overlay\"><\/div>\n\t\t\t\t\t\t\t\t\t\t\t\t\t\t<\/a>\n\t\t\t\t\t\t\t<a class=\"e-gallery-item elementor-gallery-item elementor-animated-content\" href=\"https:\/\/folprecht.hiseo.cz\/wp-content\/uploads\/2025\/08\/iflop-b-scaled.webp\" data-elementor-open-lightbox=\"yes\" data-elementor-lightbox-slideshow=\"d6ab7ed\" data-elementor-lightbox-title=\"iflop b\" data-e-action-hash=\"#elementor-action%3Aaction%3Dlightbox%26settings%3DeyJpZCI6MTY2LCJ1cmwiOiJodHRwczpcL1wvZm9scHJlY2h0Lmhpc2VvLmN6XC93cC1jb250ZW50XC91cGxvYWRzXC8yMDI1XC8wOFwvaWZsb3AtYi1zY2FsZWQud2VicCIsInNsaWRlc2hvdyI6ImQ2YWI3ZWQifQ%3D%3D\">\n\t\t\t\t\t<div class=\"e-gallery-image elementor-gallery-item__image\" data-thumbnail=\"https:\/\/folprecht.hiseo.cz\/wp-content\/uploads\/2025\/08\/iflop-b-768x1150.webp\" data-width=\"768\" data-height=\"1150\" aria-label=\"\" role=\"img\" ><\/div>\n\t\t\t\t\t\t\t\t\t\t\t<div class=\"elementor-gallery-item__overlay\"><\/div>\n\t\t\t\t\t\t\t\t\t\t\t\t\t\t<\/a>\n\t\t\t\t\t\t\t<a class=\"e-gallery-item elementor-gallery-item elementor-animated-content\" href=\"https:\/\/folprecht.hiseo.cz\/wp-content\/uploads\/2025\/08\/iflop-c-scaled.webp\" data-elementor-open-lightbox=\"yes\" data-elementor-lightbox-slideshow=\"d6ab7ed\" data-elementor-lightbox-title=\"iflop c\" data-e-action-hash=\"#elementor-action%3Aaction%3Dlightbox%26settings%3DeyJpZCI6MTY1LCJ1cmwiOiJodHRwczpcL1wvZm9scHJlY2h0Lmhpc2VvLmN6XC93cC1jb250ZW50XC91cGxvYWRzXC8yMDI1XC8wOFwvaWZsb3AtYy1zY2FsZWQud2VicCIsInNsaWRlc2hvdyI6ImQ2YWI3ZWQifQ%3D%3D\">\n\t\t\t\t\t<div class=\"e-gallery-image elementor-gallery-item__image\" data-thumbnail=\"https:\/\/folprecht.hiseo.cz\/wp-content\/uploads\/2025\/08\/iflop-c-768x512.webp\" data-width=\"768\" data-height=\"512\" aria-label=\"\" role=\"img\" ><\/div>\n\t\t\t\t\t\t\t\t\t\t\t<div class=\"elementor-gallery-item__overlay\"><\/div>\n\t\t\t\t\t\t\t\t\t\t\t\t\t\t<\/a>\n\t\t\t\t\t\t\t<a class=\"e-gallery-item elementor-gallery-item elementor-animated-content\" href=\"https:\/\/folprecht.hiseo.cz\/wp-content\/uploads\/2025\/08\/iflop-d-scaled.webp\" data-elementor-open-lightbox=\"yes\" data-elementor-lightbox-slideshow=\"d6ab7ed\" data-elementor-lightbox-title=\"Website development layout sketch drawing\" data-e-action-hash=\"#elementor-action%3Aaction%3Dlightbox%26settings%3DeyJpZCI6MTYzLCJ1cmwiOiJodHRwczpcL1wvZm9scHJlY2h0Lmhpc2VvLmN6XC93cC1jb250ZW50XC91cGxvYWRzXC8yMDI1XC8wOFwvaWZsb3AtZC1zY2FsZWQud2VicCIsInNsaWRlc2hvdyI6ImQ2YWI3ZWQifQ%3D%3D\">\n\t\t\t\t\t<div class=\"e-gallery-image elementor-gallery-item__image\" data-thumbnail=\"https:\/\/folprecht.hiseo.cz\/wp-content\/uploads\/2025\/08\/iflop-d-768x513.webp\" data-width=\"768\" data-height=\"513\" aria-label=\"\" role=\"img\" ><\/div>\n\t\t\t\t\t\t\t\t\t\t\t<div class=\"elementor-gallery-item__overlay\"><\/div>\n\t\t\t\t\t\t\t\t\t\t\t\t\t\t<\/a>\n\t\t\t\t\t\t\t<a class=\"e-gallery-item elementor-gallery-item elementor-animated-content\" href=\"https:\/\/folprecht.hiseo.cz\/wp-content\/uploads\/2025\/08\/iflop-e-scaled.webp\" data-elementor-open-lightbox=\"yes\" data-elementor-lightbox-slideshow=\"d6ab7ed\" data-elementor-lightbox-title=\"iflop e\" data-e-action-hash=\"#elementor-action%3Aaction%3Dlightbox%26settings%3DeyJpZCI6MTYyLCJ1cmwiOiJodHRwczpcL1wvZm9scHJlY2h0Lmhpc2VvLmN6XC93cC1jb250ZW50XC91cGxvYWRzXC8yMDI1XC8wOFwvaWZsb3AtZS1zY2FsZWQud2VicCIsInNsaWRlc2hvdyI6ImQ2YWI3ZWQifQ%3D%3D\">\n\t\t\t\t\t<div class=\"e-gallery-image elementor-gallery-item__image\" data-thumbnail=\"https:\/\/folprecht.hiseo.cz\/wp-content\/uploads\/2025\/08\/iflop-e-768x513.webp\" data-width=\"768\" data-height=\"513\" aria-label=\"\" role=\"img\" ><\/div>\n\t\t\t\t\t\t\t\t\t\t\t<div class=\"elementor-gallery-item__overlay\"><\/div>\n\t\t\t\t\t\t\t\t\t\t\t\t\t\t<\/a>\n\t\t\t\t\t\t\t<a class=\"e-gallery-item elementor-gallery-item elementor-animated-content\" href=\"https:\/\/folprecht.hiseo.cz\/wp-content\/uploads\/2025\/08\/iflop-f-scaled.webp\" data-elementor-open-lightbox=\"yes\" data-elementor-lightbox-slideshow=\"d6ab7ed\" data-elementor-lightbox-title=\"iflop f\" data-e-action-hash=\"#elementor-action%3Aaction%3Dlightbox%26settings%3DeyJpZCI6MTYxLCJ1cmwiOiJodHRwczpcL1wvZm9scHJlY2h0Lmhpc2VvLmN6XC93cC1jb250ZW50XC91cGxvYWRzXC8yMDI1XC8wOFwvaWZsb3AtZi1zY2FsZWQud2VicCIsInNsaWRlc2hvdyI6ImQ2YWI3ZWQifQ%3D%3D\">\n\t\t\t\t\t<div class=\"e-gallery-image elementor-gallery-item__image\" data-thumbnail=\"https:\/\/folprecht.hiseo.cz\/wp-content\/uploads\/2025\/08\/iflop-f-768x512.webp\" data-width=\"768\" data-height=\"512\" aria-label=\"\" role=\"img\" ><\/div>\n\t\t\t\t\t\t\t\t\t\t\t<div class=\"elementor-gallery-item__overlay\"><\/div>\n\t\t\t\t\t\t\t\t\t\t\t\t\t\t<\/a>\n\t\t\t\t\t\t\t<a class=\"e-gallery-item elementor-gallery-item elementor-animated-content\" href=\"https:\/\/folprecht.hiseo.cz\/wp-content\/uploads\/2025\/08\/iflop-g-scaled.webp\" data-elementor-open-lightbox=\"yes\" data-elementor-lightbox-slideshow=\"d6ab7ed\" data-elementor-lightbox-title=\"iflop g\" data-e-action-hash=\"#elementor-action%3Aaction%3Dlightbox%26settings%3DeyJpZCI6MTYwLCJ1cmwiOiJodHRwczpcL1wvZm9scHJlY2h0Lmhpc2VvLmN6XC93cC1jb250ZW50XC91cGxvYWRzXC8yMDI1XC8wOFwvaWZsb3AtZy1zY2FsZWQud2VicCIsInNsaWRlc2hvdyI6ImQ2YWI3ZWQifQ%3D%3D\">\n\t\t\t\t\t<div class=\"e-gallery-image elementor-gallery-item__image\" data-thumbnail=\"https:\/\/folprecht.hiseo.cz\/wp-content\/uploads\/2025\/08\/iflop-g-768x512.webp\" data-width=\"768\" data-height=\"512\" aria-label=\"\" role=\"img\" ><\/div>\n\t\t\t\t\t\t\t\t\t\t\t<div class=\"elementor-gallery-item__overlay\"><\/div>\n\t\t\t\t\t\t\t\t\t\t\t\t\t\t<\/a>\n\t\t\t\t\t\t\t<a class=\"e-gallery-item elementor-gallery-item elementor-animated-content\" href=\"https:\/\/folprecht.hiseo.cz\/wp-content\/uploads\/2025\/08\/iflop-h-scaled.webp\" data-elementor-open-lightbox=\"yes\" data-elementor-lightbox-slideshow=\"d6ab7ed\" data-elementor-lightbox-title=\"iflop h\" data-e-action-hash=\"#elementor-action%3Aaction%3Dlightbox%26settings%3DeyJpZCI6MTU4LCJ1cmwiOiJodHRwczpcL1wvZm9scHJlY2h0Lmhpc2VvLmN6XC93cC1jb250ZW50XC91cGxvYWRzXC8yMDI1XC8wOFwvaWZsb3AtaC1zY2FsZWQud2VicCIsInNsaWRlc2hvdyI6ImQ2YWI3ZWQifQ%3D%3D\">\n\t\t\t\t\t<div class=\"e-gallery-image elementor-gallery-item__image\" data-thumbnail=\"https:\/\/folprecht.hiseo.cz\/wp-content\/uploads\/2025\/08\/iflop-h-768x512.webp\" data-width=\"768\" data-height=\"512\" aria-label=\"\" role=\"img\" ><\/div>\n\t\t\t\t\t\t\t\t\t\t\t<div class=\"elementor-gallery-item__overlay\"><\/div>\n\t\t\t\t\t\t\t\t\t\t\t\t\t\t<\/a>\n\t\t\t\t\t<\/div>\n\t\t\t\t\t<\/div>\n\t\t\t\t\t<\/div>\n\t\t\t\t<\/div>\n\t\t\t\t\t<\/div>\n\t\t\t\t<\/div>\n\t\t\t\t<\/div>","protected":false},"excerpt":{"rendered":"<p>AUDIO-VIDEO Specializuji se na produkci a v\u00fdrobu audiovizu\u00e1ln\u00edch d\u011bl. Nab\u00edz\u00edm komplexn\u00ed produk\u010dn\u00ed slu\u017eby a zaji\u0161t\u011bn\u00ed nat\u00e1\u010den\u00ed a\u0165 ji\u017e drobn\u00fdch akc\u00ed a ud\u00e1lost\u00ed nebo velk\u00fdch a v\u00fdpravn\u00fdch projekt\u016f.\u00a0Profesion\u00e1ln\u00ed nat\u00e1\u010den\u00ed bez kompromis\u016f. D\u00edky dlouholet\u00e9 praxi a spolupr\u00e1ci na mnoha i zahrani\u010dn\u00edch projektech nab\u00edz\u00edm rozs\u00e1hl\u00e9 zku\u0161enosti a profesionalitu p\u0159i realizaci Va\u0161ich p\u0159edstav.F\u00e9rov\u00e9 ceny, individu\u00e1ln\u00ed p\u0159\u00edstup a t\u00fdm, kter\u00fd [&hellip;]<\/p>","protected":false},"author":1,"featured_media":0,"parent":0,"menu_order":0,"comment_status":"closed","ping_status":"closed","template":"","meta":{"footnotes":""},"class_list":["post-32","page","type-page","status-publish","hentry"],"yoast_head":"<!-- This site is optimized with the Yoast SEO plugin v25.6 - https:\/\/yoast.com\/wordpress\/plugins\/seo\/ -->\n<title>AUDIO VIDEO - iFolpi s.r.o.<\/title>\n<meta name=\"robots\" content=\"index, follow, max-snippet:-1, max-image-preview:large, max-video-preview:-1\" \/>\n<link rel=\"canonical\" href=\"https:\/\/folprecht.hiseo.cz\/en\/audio-video\/\" \/>\n<meta property=\"og:locale\" content=\"en_GB\" \/>\n<meta property=\"og:type\" content=\"article\" \/>\n<meta property=\"og:title\" content=\"AUDIO VIDEO - iFolpi s.r.o.\" \/>\n<meta property=\"og:description\" content=\"AUDIO-VIDEO Specializuji se na produkci a v\u00fdrobu audiovizu\u00e1ln\u00edch d\u011bl. Nab\u00edz\u00edm komplexn\u00ed produk\u010dn\u00ed slu\u017eby a zaji\u0161t\u011bn\u00ed nat\u00e1\u010den\u00ed a\u0165 ji\u017e drobn\u00fdch akc\u00ed a ud\u00e1lost\u00ed nebo velk\u00fdch a v\u00fdpravn\u00fdch projekt\u016f.\u00a0Profesion\u00e1ln\u00ed nat\u00e1\u010den\u00ed bez kompromis\u016f. D\u00edky dlouholet\u00e9 praxi a spolupr\u00e1ci na mnoha i zahrani\u010dn\u00edch projektech nab\u00edz\u00edm rozs\u00e1hl\u00e9 zku\u0161enosti a profesionalitu p\u0159i realizaci Va\u0161ich p\u0159edstav.F\u00e9rov\u00e9 ceny, individu\u00e1ln\u00ed p\u0159\u00edstup a t\u00fdm, kter\u00fd [&hellip;]\" \/>\n<meta property=\"og:url\" content=\"https:\/\/folprecht.hiseo.cz\/en\/audio-video\/\" \/>\n<meta property=\"og:site_name\" content=\"iFolpi s.r.o.\" \/>\n<meta property=\"article:modified_time\" content=\"2026-01-06T23:16:05+00:00\" \/>\n<meta property=\"og:image\" content=\"https:\/\/folprecht.hiseo.cz\/wp-content\/uploads\/2025\/08\/iflop-f-scaled.webp\" \/>\n\t<meta property=\"og:image:width\" content=\"2500\" \/>\n\t<meta property=\"og:image:height\" content=\"1667\" \/>\n\t<meta property=\"og:image:type\" content=\"image\/webp\" \/>\n<meta name=\"twitter:card\" content=\"summary_large_image\" \/>\n<meta name=\"twitter:label1\" content=\"Estimated reading time\" \/>\n\t<meta name=\"twitter:data1\" content=\"1 minute\" \/>\n<script type=\"application\/ld+json\" class=\"yoast-schema-graph\">{\"@context\":\"https:\/\/schema.org\",\"@graph\":[{\"@type\":\"WebPage\",\"@id\":\"https:\/\/folprecht.hiseo.cz\/audio-video\/\",\"url\":\"https:\/\/folprecht.hiseo.cz\/audio-video\/\",\"name\":\"AUDIO VIDEO - iFolpi s.r.o.\",\"isPartOf\":{\"@id\":\"https:\/\/folprecht.hiseo.cz\/#website\"},\"primaryImageOfPage\":{\"@id\":\"https:\/\/folprecht.hiseo.cz\/audio-video\/#primaryimage\"},\"image\":{\"@id\":\"https:\/\/folprecht.hiseo.cz\/audio-video\/#primaryimage\"},\"thumbnailUrl\":\"https:\/\/folprecht.hiseo.cz\/wp-content\/uploads\/2025\/08\/iflop-f-1024x683.webp\",\"datePublished\":\"2025-07-31T22:55:15+00:00\",\"dateModified\":\"2026-01-06T23:16:05+00:00\",\"breadcrumb\":{\"@id\":\"https:\/\/folprecht.hiseo.cz\/audio-video\/#breadcrumb\"},\"inLanguage\":\"en-GB\",\"potentialAction\":[{\"@type\":\"ReadAction\",\"target\":[\"https:\/\/folprecht.hiseo.cz\/audio-video\/\"]}]},{\"@type\":\"ImageObject\",\"inLanguage\":\"en-GB\",\"@id\":\"https:\/\/folprecht.hiseo.cz\/audio-video\/#primaryimage\",\"url\":\"https:\/\/folprecht.hiseo.cz\/wp-content\/uploads\/2025\/08\/iflop-f-1024x683.webp\",\"contentUrl\":\"https:\/\/folprecht.hiseo.cz\/wp-content\/uploads\/2025\/08\/iflop-f-1024x683.webp\"},{\"@type\":\"BreadcrumbList\",\"@id\":\"https:\/\/folprecht.hiseo.cz\/audio-video\/#breadcrumb\",\"itemListElement\":[{\"@type\":\"ListItem\",\"position\":1,\"name\":\"Dom\u016f\",\"item\":\"https:\/\/folprecht.hiseo.cz\/\"},{\"@type\":\"ListItem\",\"position\":2,\"name\":\"AUDIO VIDEO\"}]},{\"@type\":\"WebSite\",\"@id\":\"https:\/\/folprecht.hiseo.cz\/#website\",\"url\":\"https:\/\/folprecht.hiseo.cz\/\",\"name\":\"folprecht\",\"description\":\"iFolpi s.r.o. |  ELEKTROINSTALACE | INTERNETOV\u00c9 STR\u00c1NKY | AUDIO-VIDEO | GSM OVL\u00c1D\u00c1N\u00cd\",\"publisher\":{\"@id\":\"https:\/\/folprecht.hiseo.cz\/#organization\"},\"potentialAction\":[{\"@type\":\"SearchAction\",\"target\":{\"@type\":\"EntryPoint\",\"urlTemplate\":\"https:\/\/folprecht.hiseo.cz\/?s={search_term_string}\"},\"query-input\":{\"@type\":\"PropertyValueSpecification\",\"valueRequired\":true,\"valueName\":\"search_term_string\"}}],\"inLanguage\":\"en-GB\"},{\"@type\":\"Organization\",\"@id\":\"https:\/\/folprecht.hiseo.cz\/#organization\",\"name\":\"folprecht\",\"url\":\"https:\/\/folprecht.hiseo.cz\/\",\"logo\":{\"@type\":\"ImageObject\",\"inLanguage\":\"en-GB\",\"@id\":\"https:\/\/folprecht.hiseo.cz\/#\/schema\/logo\/image\/\",\"url\":\"https:\/\/folprecht.hiseo.cz\/wp-content\/uploads\/2025\/08\/Logo_PNG_color_mail_podpis.webp\",\"contentUrl\":\"https:\/\/folprecht.hiseo.cz\/wp-content\/uploads\/2025\/08\/Logo_PNG_color_mail_podpis.webp\",\"width\":206,\"height\":100,\"caption\":\"folprecht\"},\"image\":{\"@id\":\"https:\/\/folprecht.hiseo.cz\/#\/schema\/logo\/image\/\"}}]}<\/script>\n<!-- \/ Yoast SEO plugin. -->","yoast_head_json":{"title":"AUDIO VIDEO - iFolpi s.r.o.","robots":{"index":"index","follow":"follow","max-snippet":"max-snippet:-1","max-image-preview":"max-image-preview:large","max-video-preview":"max-video-preview:-1"},"canonical":"https:\/\/folprecht.hiseo.cz\/en\/audio-video\/","og_locale":"en_GB","og_type":"article","og_title":"AUDIO VIDEO - iFolpi s.r.o.","og_description":"AUDIO-VIDEO Specializuji se na produkci a v\u00fdrobu audiovizu\u00e1ln\u00edch d\u011bl. Nab\u00edz\u00edm komplexn\u00ed produk\u010dn\u00ed slu\u017eby a zaji\u0161t\u011bn\u00ed nat\u00e1\u010den\u00ed a\u0165 ji\u017e drobn\u00fdch akc\u00ed a ud\u00e1lost\u00ed nebo velk\u00fdch a v\u00fdpravn\u00fdch projekt\u016f.\u00a0Profesion\u00e1ln\u00ed nat\u00e1\u010den\u00ed bez kompromis\u016f. D\u00edky dlouholet\u00e9 praxi a spolupr\u00e1ci na mnoha i zahrani\u010dn\u00edch projektech nab\u00edz\u00edm rozs\u00e1hl\u00e9 zku\u0161enosti a profesionalitu p\u0159i realizaci Va\u0161ich p\u0159edstav.F\u00e9rov\u00e9 ceny, individu\u00e1ln\u00ed p\u0159\u00edstup a t\u00fdm, kter\u00fd [&hellip;]","og_url":"https:\/\/folprecht.hiseo.cz\/en\/audio-video\/","og_site_name":"iFolpi s.r.o.","article_modified_time":"2026-01-06T23:16:05+00:00","og_image":[{"width":2500,"height":1667,"url":"https:\/\/folprecht.hiseo.cz\/wp-content\/uploads\/2025\/08\/iflop-f-scaled.webp","type":"image\/webp"}],"twitter_card":"summary_large_image","twitter_misc":{"Estimated reading time":"1 minute"},"schema":{"@context":"https:\/\/schema.org","@graph":[{"@type":"WebPage","@id":"https:\/\/folprecht.hiseo.cz\/audio-video\/","url":"https:\/\/folprecht.hiseo.cz\/audio-video\/","name":"AUDIO VIDEO - iFolpi s.r.o.","isPartOf":{"@id":"https:\/\/folprecht.hiseo.cz\/#website"},"primaryImageOfPage":{"@id":"https:\/\/folprecht.hiseo.cz\/audio-video\/#primaryimage"},"image":{"@id":"https:\/\/folprecht.hiseo.cz\/audio-video\/#primaryimage"},"thumbnailUrl":"https:\/\/folprecht.hiseo.cz\/wp-content\/uploads\/2025\/08\/iflop-f-1024x683.webp","datePublished":"2025-07-31T22:55:15+00:00","dateModified":"2026-01-06T23:16:05+00:00","breadcrumb":{"@id":"https:\/\/folprecht.hiseo.cz\/audio-video\/#breadcrumb"},"inLanguage":"en-GB","potentialAction":[{"@type":"ReadAction","target":["https:\/\/folprecht.hiseo.cz\/audio-video\/"]}]},{"@type":"ImageObject","inLanguage":"en-GB","@id":"https:\/\/folprecht.hiseo.cz\/audio-video\/#primaryimage","url":"https:\/\/folprecht.hiseo.cz\/wp-content\/uploads\/2025\/08\/iflop-f-1024x683.webp","contentUrl":"https:\/\/folprecht.hiseo.cz\/wp-content\/uploads\/2025\/08\/iflop-f-1024x683.webp"},{"@type":"BreadcrumbList","@id":"https:\/\/folprecht.hiseo.cz\/audio-video\/#breadcrumb","itemListElement":[{"@type":"ListItem","position":1,"name":"Dom\u016f","item":"https:\/\/folprecht.hiseo.cz\/"},{"@type":"ListItem","position":2,"name":"AUDIO VIDEO"}]},{"@type":"WebSite","@id":"https:\/\/folprecht.hiseo.cz\/#website","url":"https:\/\/folprecht.hiseo.cz\/","name":"folprecht","description":"iFolpi s.r.o. |  ELEKTROINSTALACE | INTERNETOV\u00c9 STR\u00c1NKY | AUDIO-VIDEO | GSM OVL\u00c1D\u00c1N\u00cd","publisher":{"@id":"https:\/\/folprecht.hiseo.cz\/#organization"},"potentialAction":[{"@type":"SearchAction","target":{"@type":"EntryPoint","urlTemplate":"https:\/\/folprecht.hiseo.cz\/?s={search_term_string}"},"query-input":{"@type":"PropertyValueSpecification","valueRequired":true,"valueName":"search_term_string"}}],"inLanguage":"en-GB"},{"@type":"Organization","@id":"https:\/\/folprecht.hiseo.cz\/#organization","name":"folprecht","url":"https:\/\/folprecht.hiseo.cz\/","logo":{"@type":"ImageObject","inLanguage":"en-GB","@id":"https:\/\/folprecht.hiseo.cz\/#\/schema\/logo\/image\/","url":"https:\/\/folprecht.hiseo.cz\/wp-content\/uploads\/2025\/08\/Logo_PNG_color_mail_podpis.webp","contentUrl":"https:\/\/folprecht.hiseo.cz\/wp-content\/uploads\/2025\/08\/Logo_PNG_color_mail_podpis.webp","width":206,"height":100,"caption":"folprecht"},"image":{"@id":"https:\/\/folprecht.hiseo.cz\/#\/schema\/logo\/image\/"}}]}},"_links":{"self":[{"href":"https:\/\/folprecht.hiseo.cz\/en\/wp-json\/wp\/v2\/pages\/32","targetHints":{"allow":["GET"]}}],"collection":[{"href":"https:\/\/folprecht.hiseo.cz\/en\/wp-json\/wp\/v2\/pages"}],"about":[{"href":"https:\/\/folprecht.hiseo.cz\/en\/wp-json\/wp\/v2\/types\/page"}],"author":[{"embeddable":true,"href":"https:\/\/folprecht.hiseo.cz\/en\/wp-json\/wp\/v2\/users\/1"}],"replies":[{"embeddable":true,"href":"https:\/\/folprecht.hiseo.cz\/en\/wp-json\/wp\/v2\/comments?post=32"}],"version-history":[{"count":0,"href":"https:\/\/folprecht.hiseo.cz\/en\/wp-json\/wp\/v2\/pages\/32\/revisions"}],"wp:attachment":[{"href":"https:\/\/folprecht.hiseo.cz\/en\/wp-json\/wp\/v2\/media?parent=32"}],"curies":[{"name":"wp","href":"https:\/\/api.w.org\/{rel}","templated":true}]}}