{"id":43,"date":"2025-08-01T00:55:23","date_gmt":"2025-07-31T22:55:23","guid":{"rendered":"https:\/\/folprecht.hiseo.cz\/?page_id=43"},"modified":"2026-01-07T00:15:03","modified_gmt":"2026-01-06T23:15:03","slug":"gsm-ovladani","status":"publish","type":"page","link":"https:\/\/folprecht.hiseo.cz\/en\/gsm-ovladani\/","title":{"rendered":"CHYTR\u00c9 OVL\u00c1D\u00c1N\u00cd"},"content":{"rendered":"<div data-elementor-type=\"wp-page\" data-elementor-id=\"43\" class=\"elementor elementor-43\" data-elementor-post-type=\"page\">\n\t\t\t\t<div class=\"elementor-element elementor-element-9d538fb e-con-full e-flex e-con e-parent\" data-id=\"9d538fb\" data-element_type=\"container\" data-settings=\"{&quot;background_background&quot;:&quot;none&quot;}\">\n\t\t<div class=\"elementor-element elementor-element-1c8f55e e-con-full elementor-hidden-mobile e-flex elementor-invisible e-con e-child\" data-id=\"1c8f55e\" data-element_type=\"container\" data-settings=\"{&quot;background_background&quot;:&quot;classic&quot;,&quot;animation&quot;:&quot;slideInLeft&quot;}\">\n\t\t\t\t<div class=\"elementor-element elementor-element-416bd38 animated-slow elementor-widget__width-initial elementor-invisible elementor-widget elementor-widget-image\" data-id=\"416bd38\" data-element_type=\"widget\" data-settings=\"{&quot;_animation&quot;:&quot;slideInLeft&quot;,&quot;_animation_delay&quot;:100}\" data-widget_type=\"image.default\">\n\t\t\t\t\t\t\t\t\t\t\t\t\t\t\t<img fetchpriority=\"high\" decoding=\"async\" width=\"800\" height=\"534\" src=\"https:\/\/folprecht.hiseo.cz\/wp-content\/uploads\/2025\/08\/iflop-e-1024x684.webp\" class=\"attachment-large size-large wp-image-162\" alt=\"\" srcset=\"https:\/\/folprecht.hiseo.cz\/wp-content\/uploads\/2025\/08\/iflop-e-1024x684.webp 1024w, https:\/\/folprecht.hiseo.cz\/wp-content\/uploads\/2025\/08\/iflop-e-300x200.webp 300w, https:\/\/folprecht.hiseo.cz\/wp-content\/uploads\/2025\/08\/iflop-e-768x513.webp 768w, https:\/\/folprecht.hiseo.cz\/wp-content\/uploads\/2025\/08\/iflop-e-1536x1025.webp 1536w, https:\/\/folprecht.hiseo.cz\/wp-content\/uploads\/2025\/08\/iflop-e-2048x1367.webp 2048w\" sizes=\"(max-width: 800px) 100vw, 800px\" \/>\t\t\t\t\t\t\t\t\t\t\t\t\t\t\t<\/div>\n\t\t\t\t<\/div>\n\t\t<div class=\"elementor-element elementor-element-e2aebb7 e-con-full e-flex e-con e-child\" data-id=\"e2aebb7\" data-element_type=\"container\" data-settings=\"{&quot;background_background&quot;:&quot;none&quot;}\">\n\t\t<div class=\"elementor-element elementor-element-5caefdf e-flex e-con-boxed e-con e-child\" data-id=\"5caefdf\" data-element_type=\"container\">\n\t\t\t\t\t<div class=\"e-con-inner\">\n\t\t\t\t<div class=\"elementor-element elementor-element-d38b34d elementor-widget elementor-widget-heading\" data-id=\"d38b34d\" data-element_type=\"widget\" data-widget_type=\"heading.default\">\n\t\t\t\t\t<h2 class=\"elementor-heading-title elementor-size-default\">CHYTR\u00c9 OVL\u00c1D\u00c1N\u00cd<\/h2>\t\t\t\t<\/div>\n\t\t\t\t<div class=\"elementor-element elementor-element-3459617 elementor-widget-divider--view-line elementor-widget elementor-widget-divider\" data-id=\"3459617\" data-element_type=\"widget\" data-widget_type=\"divider.default\">\n\t\t\t\t\t\t\t<div class=\"elementor-divider\">\n\t\t\t<span class=\"elementor-divider-separator\">\n\t\t\t\t\t\t<\/span>\n\t\t<\/div>\n\t\t\t\t\t\t<\/div>\n\t\t\t\t<div class=\"elementor-element elementor-element-b5a05aa elementor-widget elementor-widget-text-editor\" data-id=\"b5a05aa\" data-element_type=\"widget\" data-widget_type=\"text-editor.default\">\n\t\t\t\t\t\t\t\t\t<div><strong>Nab\u00edz\u00edm instalaci a konfiguraci modern\u00edch chytr\u00fdch ovl\u00e1dac\u00edch syst\u00e9m\u016f, kter\u00e9 zjednodu\u0161\u00ed ovl\u00e1d\u00e1n\u00ed elektroinstalace domu, bytu nebo elektrick\u00e9ho za\u0159\u00edzen\u00ed, a\u0165 ji\u017e p\u0159es internet nebo mobiln\u00ed telefon. Zjednodu\u0161te si \u017eivot se syst\u00e9my chytr\u00e9ho ovl\u00e1d\u00e1n\u00ed.<\/strong><\/div><div>\u00a0<\/div><div>Jedn\u00e1 se o kompletn\u00ed syst\u00e9my chytr\u00fdch dom\u016f nebo d\u00edl\u010d\u00edho ovl\u00e1d\u00e1n\u00ed topen\u00ed, osv\u011btlen\u00ed, zabezpe\u010den\u00ed nebo dal\u0161\u00edch elektrick\u00fdch za\u0159\u00edzen\u00ed a\u0165 ji\u017e v provozovn\u00e1ch, domech bytech nebo na chat\u00e1ch \u010di chalup\u00e1ch. V dne\u0161n\u00ed modern\u00ed dob\u011b je d\u00edky vysp\u011bl\u00fdm technologi\u00edm mo\u017en\u00e9 ovl\u00e1dat vzd\u00e1len\u011b t\u00e9m\u011b\u0159 v\u0161e.\u00a0<\/div>\t\t\t\t\t\t\t\t<\/div>\n\t\t\t\t\t<\/div>\n\t\t\t\t<\/div>\n\t\t\t\t<\/div>\n\t\t\t\t<\/div>\n\t\t<div class=\"elementor-element elementor-element-0b1e247 e-flex e-con-boxed e-con e-parent\" data-id=\"0b1e247\" data-element_type=\"container\">\n\t\t\t\t\t<div class=\"e-con-inner\">\n\t\t<div class=\"elementor-element elementor-element-3c0d550 e-flex e-con-boxed e-con e-child\" data-id=\"3c0d550\" data-element_type=\"container\">\n\t\t\t\t\t<div class=\"e-con-inner\">\n\t\t<div class=\"elementor-element elementor-element-bc9bd51 e-flex e-con-boxed e-con e-child\" data-id=\"bc9bd51\" data-element_type=\"container\">\n\t\t\t\t\t<div class=\"e-con-inner\">\n\t\t\t\t<div class=\"elementor-element elementor-element-09e0071 elementor-invisible elementor-widget elementor-widget-heading\" data-id=\"09e0071\" data-element_type=\"widget\" data-settings=\"{&quot;_animation&quot;:&quot;slideInUp&quot;}\" data-widget_type=\"heading.default\">\n\t\t\t\t\t<h2 class=\"elementor-heading-title elementor-size-default\">CEN\u00cdK<\/h2>\t\t\t\t<\/div>\n\t\t\t\t<div class=\"elementor-element elementor-element-3796c56 elementor-widget elementor-widget-text-editor\" data-id=\"3796c56\" data-element_type=\"widget\" data-widget_type=\"text-editor.default\">\n\t\t\t\t\t\t\t\t\t<div>Ka\u017edou instalaci nacen\u00edme individu\u00e1ln\u011b, podle va\u0161ich pot\u0159eb, s transparentn\u00ed cenou p\u0159edem a bez skryt\u00fdch poplatk\u016f.<\/div><div>\u00a0<\/div>\t\t\t\t\t\t\t\t<\/div>\n\t\t\t\t\t<\/div>\n\t\t\t\t<\/div>\n\t\t\t\t<div class=\"elementor-element elementor-element-8d63902 elementor-invisible elementor-widget elementor-widget-heading\" data-id=\"8d63902\" data-element_type=\"widget\" data-settings=\"{&quot;_animation&quot;:&quot;slideInUp&quot;}\" data-widget_type=\"heading.default\">\n\t\t\t\t\t<h2 class=\"elementor-heading-title elementor-size-default\">FOTOGALERIE<\/h2>\t\t\t\t<\/div>\n\t\t\t\t<div class=\"elementor-element elementor-element-a4bf617 elementor-invisible elementor-widget elementor-widget-gallery\" data-id=\"a4bf617\" data-element_type=\"widget\" data-settings=\"{&quot;gallery_layout&quot;:&quot;masonry&quot;,&quot;_animation&quot;:&quot;slideInUp&quot;,&quot;columns&quot;:3,&quot;lazyload&quot;:&quot;yes&quot;,&quot;columns_tablet&quot;:2,&quot;columns_mobile&quot;:1,&quot;gap&quot;:{&quot;unit&quot;:&quot;px&quot;,&quot;size&quot;:10,&quot;sizes&quot;:[]},&quot;gap_tablet&quot;:{&quot;unit&quot;:&quot;px&quot;,&quot;size&quot;:10,&quot;sizes&quot;:[]},&quot;gap_mobile&quot;:{&quot;unit&quot;:&quot;px&quot;,&quot;size&quot;:10,&quot;sizes&quot;:[]},&quot;link_to&quot;:&quot;file&quot;,&quot;overlay_background&quot;:&quot;yes&quot;,&quot;content_hover_animation&quot;:&quot;fade-in&quot;}\" data-widget_type=\"gallery.default\">\n\t\t\t\t\t\t\t<div class=\"elementor-gallery__container\">\n\t\t\t\t\t\t\t<a class=\"e-gallery-item elementor-gallery-item elementor-animated-content\" href=\"https:\/\/folprecht.hiseo.cz\/wp-content\/uploads\/2025\/08\/iflop-a-scaled.webp\" data-elementor-open-lightbox=\"yes\" data-elementor-lightbox-slideshow=\"a4bf617\" data-elementor-lightbox-title=\"iflop a\" data-e-action-hash=\"#elementor-action%3Aaction%3Dlightbox%26settings%3DeyJpZCI6MTY4LCJ1cmwiOiJodHRwczpcL1wvZm9scHJlY2h0Lmhpc2VvLmN6XC93cC1jb250ZW50XC91cGxvYWRzXC8yMDI1XC8wOFwvaWZsb3AtYS1zY2FsZWQud2VicCIsInNsaWRlc2hvdyI6ImE0YmY2MTcifQ%3D%3D\">\n\t\t\t\t\t<div class=\"e-gallery-image elementor-gallery-item__image\" data-thumbnail=\"https:\/\/folprecht.hiseo.cz\/wp-content\/uploads\/2025\/08\/iflop-a-768x513.webp\" data-width=\"768\" data-height=\"513\" aria-label=\"\" role=\"img\" ><\/div>\n\t\t\t\t\t\t\t\t\t\t\t<div class=\"elementor-gallery-item__overlay\"><\/div>\n\t\t\t\t\t\t\t\t\t\t\t\t\t\t<\/a>\n\t\t\t\t\t\t\t<a class=\"e-gallery-item elementor-gallery-item elementor-animated-content\" href=\"https:\/\/folprecht.hiseo.cz\/wp-content\/uploads\/2025\/08\/iflop-b-scaled.webp\" data-elementor-open-lightbox=\"yes\" data-elementor-lightbox-slideshow=\"a4bf617\" data-elementor-lightbox-title=\"iflop b\" data-e-action-hash=\"#elementor-action%3Aaction%3Dlightbox%26settings%3DeyJpZCI6MTY2LCJ1cmwiOiJodHRwczpcL1wvZm9scHJlY2h0Lmhpc2VvLmN6XC93cC1jb250ZW50XC91cGxvYWRzXC8yMDI1XC8wOFwvaWZsb3AtYi1zY2FsZWQud2VicCIsInNsaWRlc2hvdyI6ImE0YmY2MTcifQ%3D%3D\">\n\t\t\t\t\t<div class=\"e-gallery-image elementor-gallery-item__image\" data-thumbnail=\"https:\/\/folprecht.hiseo.cz\/wp-content\/uploads\/2025\/08\/iflop-b-768x1150.webp\" data-width=\"768\" data-height=\"1150\" aria-label=\"\" role=\"img\" ><\/div>\n\t\t\t\t\t\t\t\t\t\t\t<div class=\"elementor-gallery-item__overlay\"><\/div>\n\t\t\t\t\t\t\t\t\t\t\t\t\t\t<\/a>\n\t\t\t\t\t\t\t<a class=\"e-gallery-item elementor-gallery-item elementor-animated-content\" href=\"https:\/\/folprecht.hiseo.cz\/wp-content\/uploads\/2025\/08\/iflop-c-scaled.webp\" data-elementor-open-lightbox=\"yes\" data-elementor-lightbox-slideshow=\"a4bf617\" data-elementor-lightbox-title=\"iflop c\" data-e-action-hash=\"#elementor-action%3Aaction%3Dlightbox%26settings%3DeyJpZCI6MTY1LCJ1cmwiOiJodHRwczpcL1wvZm9scHJlY2h0Lmhpc2VvLmN6XC93cC1jb250ZW50XC91cGxvYWRzXC8yMDI1XC8wOFwvaWZsb3AtYy1zY2FsZWQud2VicCIsInNsaWRlc2hvdyI6ImE0YmY2MTcifQ%3D%3D\">\n\t\t\t\t\t<div class=\"e-gallery-image elementor-gallery-item__image\" data-thumbnail=\"https:\/\/folprecht.hiseo.cz\/wp-content\/uploads\/2025\/08\/iflop-c-768x512.webp\" data-width=\"768\" data-height=\"512\" aria-label=\"\" role=\"img\" ><\/div>\n\t\t\t\t\t\t\t\t\t\t\t<div class=\"elementor-gallery-item__overlay\"><\/div>\n\t\t\t\t\t\t\t\t\t\t\t\t\t\t<\/a>\n\t\t\t\t\t\t\t<a class=\"e-gallery-item elementor-gallery-item elementor-animated-content\" href=\"https:\/\/folprecht.hiseo.cz\/wp-content\/uploads\/2025\/08\/iflop-d-scaled.webp\" data-elementor-open-lightbox=\"yes\" data-elementor-lightbox-slideshow=\"a4bf617\" data-elementor-lightbox-title=\"Website development layout sketch drawing\" data-e-action-hash=\"#elementor-action%3Aaction%3Dlightbox%26settings%3DeyJpZCI6MTYzLCJ1cmwiOiJodHRwczpcL1wvZm9scHJlY2h0Lmhpc2VvLmN6XC93cC1jb250ZW50XC91cGxvYWRzXC8yMDI1XC8wOFwvaWZsb3AtZC1zY2FsZWQud2VicCIsInNsaWRlc2hvdyI6ImE0YmY2MTcifQ%3D%3D\">\n\t\t\t\t\t<div class=\"e-gallery-image elementor-gallery-item__image\" data-thumbnail=\"https:\/\/folprecht.hiseo.cz\/wp-content\/uploads\/2025\/08\/iflop-d-768x513.webp\" data-width=\"768\" data-height=\"513\" aria-label=\"\" role=\"img\" ><\/div>\n\t\t\t\t\t\t\t\t\t\t\t<div class=\"elementor-gallery-item__overlay\"><\/div>\n\t\t\t\t\t\t\t\t\t\t\t\t\t\t<\/a>\n\t\t\t\t\t\t\t<a class=\"e-gallery-item elementor-gallery-item elementor-animated-content\" href=\"https:\/\/folprecht.hiseo.cz\/wp-content\/uploads\/2025\/08\/iflop-e-scaled.webp\" data-elementor-open-lightbox=\"yes\" data-elementor-lightbox-slideshow=\"a4bf617\" data-elementor-lightbox-title=\"iflop e\" data-e-action-hash=\"#elementor-action%3Aaction%3Dlightbox%26settings%3DeyJpZCI6MTYyLCJ1cmwiOiJodHRwczpcL1wvZm9scHJlY2h0Lmhpc2VvLmN6XC93cC1jb250ZW50XC91cGxvYWRzXC8yMDI1XC8wOFwvaWZsb3AtZS1zY2FsZWQud2VicCIsInNsaWRlc2hvdyI6ImE0YmY2MTcifQ%3D%3D\">\n\t\t\t\t\t<div class=\"e-gallery-image elementor-gallery-item__image\" data-thumbnail=\"https:\/\/folprecht.hiseo.cz\/wp-content\/uploads\/2025\/08\/iflop-e-768x513.webp\" data-width=\"768\" data-height=\"513\" aria-label=\"\" role=\"img\" ><\/div>\n\t\t\t\t\t\t\t\t\t\t\t<div class=\"elementor-gallery-item__overlay\"><\/div>\n\t\t\t\t\t\t\t\t\t\t\t\t\t\t<\/a>\n\t\t\t\t\t\t\t<a class=\"e-gallery-item elementor-gallery-item elementor-animated-content\" href=\"https:\/\/folprecht.hiseo.cz\/wp-content\/uploads\/2025\/08\/iflop-f-scaled.webp\" data-elementor-open-lightbox=\"yes\" data-elementor-lightbox-slideshow=\"a4bf617\" data-elementor-lightbox-title=\"iflop f\" data-e-action-hash=\"#elementor-action%3Aaction%3Dlightbox%26settings%3DeyJpZCI6MTYxLCJ1cmwiOiJodHRwczpcL1wvZm9scHJlY2h0Lmhpc2VvLmN6XC93cC1jb250ZW50XC91cGxvYWRzXC8yMDI1XC8wOFwvaWZsb3AtZi1zY2FsZWQud2VicCIsInNsaWRlc2hvdyI6ImE0YmY2MTcifQ%3D%3D\">\n\t\t\t\t\t<div class=\"e-gallery-image elementor-gallery-item__image\" data-thumbnail=\"https:\/\/folprecht.hiseo.cz\/wp-content\/uploads\/2025\/08\/iflop-f-768x512.webp\" data-width=\"768\" data-height=\"512\" aria-label=\"\" role=\"img\" ><\/div>\n\t\t\t\t\t\t\t\t\t\t\t<div class=\"elementor-gallery-item__overlay\"><\/div>\n\t\t\t\t\t\t\t\t\t\t\t\t\t\t<\/a>\n\t\t\t\t\t\t\t<a class=\"e-gallery-item elementor-gallery-item elementor-animated-content\" href=\"https:\/\/folprecht.hiseo.cz\/wp-content\/uploads\/2025\/08\/iflop-g-scaled.webp\" data-elementor-open-lightbox=\"yes\" data-elementor-lightbox-slideshow=\"a4bf617\" data-elementor-lightbox-title=\"iflop g\" data-e-action-hash=\"#elementor-action%3Aaction%3Dlightbox%26settings%3DeyJpZCI6MTYwLCJ1cmwiOiJodHRwczpcL1wvZm9scHJlY2h0Lmhpc2VvLmN6XC93cC1jb250ZW50XC91cGxvYWRzXC8yMDI1XC8wOFwvaWZsb3AtZy1zY2FsZWQud2VicCIsInNsaWRlc2hvdyI6ImE0YmY2MTcifQ%3D%3D\">\n\t\t\t\t\t<div class=\"e-gallery-image elementor-gallery-item__image\" data-thumbnail=\"https:\/\/folprecht.hiseo.cz\/wp-content\/uploads\/2025\/08\/iflop-g-768x512.webp\" data-width=\"768\" data-height=\"512\" aria-label=\"\" role=\"img\" ><\/div>\n\t\t\t\t\t\t\t\t\t\t\t<div class=\"elementor-gallery-item__overlay\"><\/div>\n\t\t\t\t\t\t\t\t\t\t\t\t\t\t<\/a>\n\t\t\t\t\t\t\t<a class=\"e-gallery-item elementor-gallery-item elementor-animated-content\" href=\"https:\/\/folprecht.hiseo.cz\/wp-content\/uploads\/2025\/08\/iflop-h-scaled.webp\" data-elementor-open-lightbox=\"yes\" data-elementor-lightbox-slideshow=\"a4bf617\" data-elementor-lightbox-title=\"iflop h\" data-e-action-hash=\"#elementor-action%3Aaction%3Dlightbox%26settings%3DeyJpZCI6MTU4LCJ1cmwiOiJodHRwczpcL1wvZm9scHJlY2h0Lmhpc2VvLmN6XC93cC1jb250ZW50XC91cGxvYWRzXC8yMDI1XC8wOFwvaWZsb3AtaC1zY2FsZWQud2VicCIsInNsaWRlc2hvdyI6ImE0YmY2MTcifQ%3D%3D\">\n\t\t\t\t\t<div class=\"e-gallery-image elementor-gallery-item__image\" data-thumbnail=\"https:\/\/folprecht.hiseo.cz\/wp-content\/uploads\/2025\/08\/iflop-h-768x512.webp\" data-width=\"768\" data-height=\"512\" aria-label=\"\" role=\"img\" ><\/div>\n\t\t\t\t\t\t\t\t\t\t\t<div class=\"elementor-gallery-item__overlay\"><\/div>\n\t\t\t\t\t\t\t\t\t\t\t\t\t\t<\/a>\n\t\t\t\t\t<\/div>\n\t\t\t\t\t<\/div>\n\t\t\t\t\t<\/div>\n\t\t\t\t<\/div>\n\t\t\t\t\t<\/div>\n\t\t\t\t<\/div>\n\t\t\t\t<\/div>","protected":false},"excerpt":{"rendered":"<p>CHYTR\u00c9 OVL\u00c1D\u00c1N\u00cd Nab\u00edz\u00edm instalaci a konfiguraci modern\u00edch chytr\u00fdch ovl\u00e1dac\u00edch syst\u00e9m\u016f, kter\u00e9 zjednodu\u0161\u00ed ovl\u00e1d\u00e1n\u00ed elektroinstalace domu, bytu nebo elektrick\u00e9ho za\u0159\u00edzen\u00ed, a\u0165 ji\u017e p\u0159es internet nebo mobiln\u00ed telefon. Zjednodu\u0161te si \u017eivot se syst\u00e9my chytr\u00e9ho ovl\u00e1d\u00e1n\u00ed.\u00a0Jedn\u00e1 se o kompletn\u00ed syst\u00e9my chytr\u00fdch dom\u016f nebo d\u00edl\u010d\u00edho ovl\u00e1d\u00e1n\u00ed topen\u00ed, osv\u011btlen\u00ed, zabezpe\u010den\u00ed nebo dal\u0161\u00edch elektrick\u00fdch za\u0159\u00edzen\u00ed a\u0165 ji\u017e v provozovn\u00e1ch, domech bytech [&hellip;]<\/p>","protected":false},"author":1,"featured_media":0,"parent":0,"menu_order":0,"comment_status":"closed","ping_status":"closed","template":"","meta":{"footnotes":""},"class_list":["post-43","page","type-page","status-publish","hentry"],"yoast_head":"<!-- This site is optimized with the Yoast SEO plugin v25.6 - https:\/\/yoast.com\/wordpress\/plugins\/seo\/ -->\n<title>CHYTR\u00c9 OVL\u00c1D\u00c1N\u00cd - iFolpi s.r.o.<\/title>\n<meta name=\"robots\" content=\"index, follow, max-snippet:-1, max-image-preview:large, max-video-preview:-1\" \/>\n<link rel=\"canonical\" href=\"https:\/\/folprecht.hiseo.cz\/en\/gsm-ovladani\/\" \/>\n<meta property=\"og:locale\" content=\"en_GB\" \/>\n<meta property=\"og:type\" content=\"article\" \/>\n<meta property=\"og:title\" content=\"CHYTR\u00c9 OVL\u00c1D\u00c1N\u00cd - iFolpi s.r.o.\" \/>\n<meta property=\"og:description\" content=\"CHYTR\u00c9 OVL\u00c1D\u00c1N\u00cd Nab\u00edz\u00edm instalaci a konfiguraci modern\u00edch chytr\u00fdch ovl\u00e1dac\u00edch syst\u00e9m\u016f, kter\u00e9 zjednodu\u0161\u00ed ovl\u00e1d\u00e1n\u00ed elektroinstalace domu, bytu nebo elektrick\u00e9ho za\u0159\u00edzen\u00ed, a\u0165 ji\u017e p\u0159es internet nebo mobiln\u00ed telefon. Zjednodu\u0161te si \u017eivot se syst\u00e9my chytr\u00e9ho ovl\u00e1d\u00e1n\u00ed.\u00a0Jedn\u00e1 se o kompletn\u00ed syst\u00e9my chytr\u00fdch dom\u016f nebo d\u00edl\u010d\u00edho ovl\u00e1d\u00e1n\u00ed topen\u00ed, osv\u011btlen\u00ed, zabezpe\u010den\u00ed nebo dal\u0161\u00edch elektrick\u00fdch za\u0159\u00edzen\u00ed a\u0165 ji\u017e v provozovn\u00e1ch, domech bytech [&hellip;]\" \/>\n<meta property=\"og:url\" content=\"https:\/\/folprecht.hiseo.cz\/en\/gsm-ovladani\/\" \/>\n<meta property=\"og:site_name\" content=\"iFolpi s.r.o.\" \/>\n<meta property=\"article:modified_time\" content=\"2026-01-06T23:15:03+00:00\" \/>\n<meta property=\"og:image\" content=\"https:\/\/folprecht.hiseo.cz\/wp-content\/uploads\/2025\/08\/iflop-e-scaled.webp\" \/>\n\t<meta property=\"og:image:width\" content=\"2500\" \/>\n\t<meta property=\"og:image:height\" content=\"1669\" \/>\n\t<meta property=\"og:image:type\" content=\"image\/webp\" \/>\n<meta name=\"twitter:card\" content=\"summary_large_image\" \/>\n<meta name=\"twitter:label1\" content=\"Estimated reading time\" \/>\n\t<meta name=\"twitter:data1\" content=\"1 minute\" \/>\n<script type=\"application\/ld+json\" class=\"yoast-schema-graph\">{\"@context\":\"https:\/\/schema.org\",\"@graph\":[{\"@type\":\"WebPage\",\"@id\":\"https:\/\/folprecht.hiseo.cz\/gsm-ovladani\/\",\"url\":\"https:\/\/folprecht.hiseo.cz\/gsm-ovladani\/\",\"name\":\"CHYTR\u00c9 OVL\u00c1D\u00c1N\u00cd - iFolpi s.r.o.\",\"isPartOf\":{\"@id\":\"https:\/\/folprecht.hiseo.cz\/#website\"},\"primaryImageOfPage\":{\"@id\":\"https:\/\/folprecht.hiseo.cz\/gsm-ovladani\/#primaryimage\"},\"image\":{\"@id\":\"https:\/\/folprecht.hiseo.cz\/gsm-ovladani\/#primaryimage\"},\"thumbnailUrl\":\"https:\/\/folprecht.hiseo.cz\/wp-content\/uploads\/2025\/08\/iflop-e-1024x684.webp\",\"datePublished\":\"2025-07-31T22:55:23+00:00\",\"dateModified\":\"2026-01-06T23:15:03+00:00\",\"breadcrumb\":{\"@id\":\"https:\/\/folprecht.hiseo.cz\/gsm-ovladani\/#breadcrumb\"},\"inLanguage\":\"en-GB\",\"potentialAction\":[{\"@type\":\"ReadAction\",\"target\":[\"https:\/\/folprecht.hiseo.cz\/gsm-ovladani\/\"]}]},{\"@type\":\"ImageObject\",\"inLanguage\":\"en-GB\",\"@id\":\"https:\/\/folprecht.hiseo.cz\/gsm-ovladani\/#primaryimage\",\"url\":\"https:\/\/folprecht.hiseo.cz\/wp-content\/uploads\/2025\/08\/iflop-e-1024x684.webp\",\"contentUrl\":\"https:\/\/folprecht.hiseo.cz\/wp-content\/uploads\/2025\/08\/iflop-e-1024x684.webp\"},{\"@type\":\"BreadcrumbList\",\"@id\":\"https:\/\/folprecht.hiseo.cz\/gsm-ovladani\/#breadcrumb\",\"itemListElement\":[{\"@type\":\"ListItem\",\"position\":1,\"name\":\"Dom\u016f\",\"item\":\"https:\/\/folprecht.hiseo.cz\/\"},{\"@type\":\"ListItem\",\"position\":2,\"name\":\"CHYTR\u00c9 OVL\u00c1D\u00c1N\u00cd\"}]},{\"@type\":\"WebSite\",\"@id\":\"https:\/\/folprecht.hiseo.cz\/#website\",\"url\":\"https:\/\/folprecht.hiseo.cz\/\",\"name\":\"folprecht\",\"description\":\"iFolpi s.r.o. |  ELEKTROINSTALACE | INTERNETOV\u00c9 STR\u00c1NKY | AUDIO-VIDEO | GSM OVL\u00c1D\u00c1N\u00cd\",\"publisher\":{\"@id\":\"https:\/\/folprecht.hiseo.cz\/#organization\"},\"potentialAction\":[{\"@type\":\"SearchAction\",\"target\":{\"@type\":\"EntryPoint\",\"urlTemplate\":\"https:\/\/folprecht.hiseo.cz\/?s={search_term_string}\"},\"query-input\":{\"@type\":\"PropertyValueSpecification\",\"valueRequired\":true,\"valueName\":\"search_term_string\"}}],\"inLanguage\":\"en-GB\"},{\"@type\":\"Organization\",\"@id\":\"https:\/\/folprecht.hiseo.cz\/#organization\",\"name\":\"folprecht\",\"url\":\"https:\/\/folprecht.hiseo.cz\/\",\"logo\":{\"@type\":\"ImageObject\",\"inLanguage\":\"en-GB\",\"@id\":\"https:\/\/folprecht.hiseo.cz\/#\/schema\/logo\/image\/\",\"url\":\"https:\/\/folprecht.hiseo.cz\/wp-content\/uploads\/2025\/08\/Logo_PNG_color_mail_podpis.webp\",\"contentUrl\":\"https:\/\/folprecht.hiseo.cz\/wp-content\/uploads\/2025\/08\/Logo_PNG_color_mail_podpis.webp\",\"width\":206,\"height\":100,\"caption\":\"folprecht\"},\"image\":{\"@id\":\"https:\/\/folprecht.hiseo.cz\/#\/schema\/logo\/image\/\"}}]}<\/script>\n<!-- \/ Yoast SEO plugin. -->","yoast_head_json":{"title":"CHYTR\u00c9 OVL\u00c1D\u00c1N\u00cd - iFolpi s.r.o.","robots":{"index":"index","follow":"follow","max-snippet":"max-snippet:-1","max-image-preview":"max-image-preview:large","max-video-preview":"max-video-preview:-1"},"canonical":"https:\/\/folprecht.hiseo.cz\/en\/gsm-ovladani\/","og_locale":"en_GB","og_type":"article","og_title":"CHYTR\u00c9 OVL\u00c1D\u00c1N\u00cd - iFolpi s.r.o.","og_description":"CHYTR\u00c9 OVL\u00c1D\u00c1N\u00cd Nab\u00edz\u00edm instalaci a konfiguraci modern\u00edch chytr\u00fdch ovl\u00e1dac\u00edch syst\u00e9m\u016f, kter\u00e9 zjednodu\u0161\u00ed ovl\u00e1d\u00e1n\u00ed elektroinstalace domu, bytu nebo elektrick\u00e9ho za\u0159\u00edzen\u00ed, a\u0165 ji\u017e p\u0159es internet nebo mobiln\u00ed telefon. Zjednodu\u0161te si \u017eivot se syst\u00e9my chytr\u00e9ho ovl\u00e1d\u00e1n\u00ed.\u00a0Jedn\u00e1 se o kompletn\u00ed syst\u00e9my chytr\u00fdch dom\u016f nebo d\u00edl\u010d\u00edho ovl\u00e1d\u00e1n\u00ed topen\u00ed, osv\u011btlen\u00ed, zabezpe\u010den\u00ed nebo dal\u0161\u00edch elektrick\u00fdch za\u0159\u00edzen\u00ed a\u0165 ji\u017e v provozovn\u00e1ch, domech bytech [&hellip;]","og_url":"https:\/\/folprecht.hiseo.cz\/en\/gsm-ovladani\/","og_site_name":"iFolpi s.r.o.","article_modified_time":"2026-01-06T23:15:03+00:00","og_image":[{"width":2500,"height":1669,"url":"https:\/\/folprecht.hiseo.cz\/wp-content\/uploads\/2025\/08\/iflop-e-scaled.webp","type":"image\/webp"}],"twitter_card":"summary_large_image","twitter_misc":{"Estimated reading time":"1 minute"},"schema":{"@context":"https:\/\/schema.org","@graph":[{"@type":"WebPage","@id":"https:\/\/folprecht.hiseo.cz\/gsm-ovladani\/","url":"https:\/\/folprecht.hiseo.cz\/gsm-ovladani\/","name":"CHYTR\u00c9 OVL\u00c1D\u00c1N\u00cd - iFolpi s.r.o.","isPartOf":{"@id":"https:\/\/folprecht.hiseo.cz\/#website"},"primaryImageOfPage":{"@id":"https:\/\/folprecht.hiseo.cz\/gsm-ovladani\/#primaryimage"},"image":{"@id":"https:\/\/folprecht.hiseo.cz\/gsm-ovladani\/#primaryimage"},"thumbnailUrl":"https:\/\/folprecht.hiseo.cz\/wp-content\/uploads\/2025\/08\/iflop-e-1024x684.webp","datePublished":"2025-07-31T22:55:23+00:00","dateModified":"2026-01-06T23:15:03+00:00","breadcrumb":{"@id":"https:\/\/folprecht.hiseo.cz\/gsm-ovladani\/#breadcrumb"},"inLanguage":"en-GB","potentialAction":[{"@type":"ReadAction","target":["https:\/\/folprecht.hiseo.cz\/gsm-ovladani\/"]}]},{"@type":"ImageObject","inLanguage":"en-GB","@id":"https:\/\/folprecht.hiseo.cz\/gsm-ovladani\/#primaryimage","url":"https:\/\/folprecht.hiseo.cz\/wp-content\/uploads\/2025\/08\/iflop-e-1024x684.webp","contentUrl":"https:\/\/folprecht.hiseo.cz\/wp-content\/uploads\/2025\/08\/iflop-e-1024x684.webp"},{"@type":"BreadcrumbList","@id":"https:\/\/folprecht.hiseo.cz\/gsm-ovladani\/#breadcrumb","itemListElement":[{"@type":"ListItem","position":1,"name":"Dom\u016f","item":"https:\/\/folprecht.hiseo.cz\/"},{"@type":"ListItem","position":2,"name":"CHYTR\u00c9 OVL\u00c1D\u00c1N\u00cd"}]},{"@type":"WebSite","@id":"https:\/\/folprecht.hiseo.cz\/#website","url":"https:\/\/folprecht.hiseo.cz\/","name":"folprecht","description":"iFolpi s.r.o. |  ELEKTROINSTALACE | INTERNETOV\u00c9 STR\u00c1NKY | AUDIO-VIDEO | GSM OVL\u00c1D\u00c1N\u00cd","publisher":{"@id":"https:\/\/folprecht.hiseo.cz\/#organization"},"potentialAction":[{"@type":"SearchAction","target":{"@type":"EntryPoint","urlTemplate":"https:\/\/folprecht.hiseo.cz\/?s={search_term_string}"},"query-input":{"@type":"PropertyValueSpecification","valueRequired":true,"valueName":"search_term_string"}}],"inLanguage":"en-GB"},{"@type":"Organization","@id":"https:\/\/folprecht.hiseo.cz\/#organization","name":"folprecht","url":"https:\/\/folprecht.hiseo.cz\/","logo":{"@type":"ImageObject","inLanguage":"en-GB","@id":"https:\/\/folprecht.hiseo.cz\/#\/schema\/logo\/image\/","url":"https:\/\/folprecht.hiseo.cz\/wp-content\/uploads\/2025\/08\/Logo_PNG_color_mail_podpis.webp","contentUrl":"https:\/\/folprecht.hiseo.cz\/wp-content\/uploads\/2025\/08\/Logo_PNG_color_mail_podpis.webp","width":206,"height":100,"caption":"folprecht"},"image":{"@id":"https:\/\/folprecht.hiseo.cz\/#\/schema\/logo\/image\/"}}]}},"_links":{"self":[{"href":"https:\/\/folprecht.hiseo.cz\/en\/wp-json\/wp\/v2\/pages\/43","targetHints":{"allow":["GET"]}}],"collection":[{"href":"https:\/\/folprecht.hiseo.cz\/en\/wp-json\/wp\/v2\/pages"}],"about":[{"href":"https:\/\/folprecht.hiseo.cz\/en\/wp-json\/wp\/v2\/types\/page"}],"author":[{"embeddable":true,"href":"https:\/\/folprecht.hiseo.cz\/en\/wp-json\/wp\/v2\/users\/1"}],"replies":[{"embeddable":true,"href":"https:\/\/folprecht.hiseo.cz\/en\/wp-json\/wp\/v2\/comments?post=43"}],"version-history":[{"count":0,"href":"https:\/\/folprecht.hiseo.cz\/en\/wp-json\/wp\/v2\/pages\/43\/revisions"}],"wp:attachment":[{"href":"https:\/\/folprecht.hiseo.cz\/en\/wp-json\/wp\/v2\/media?parent=43"}],"curies":[{"name":"wp","href":"https:\/\/api.w.org\/{rel}","templated":true}]}}