{"id":46,"date":"2025-08-01T00:55:24","date_gmt":"2025-07-31T22:55:24","guid":{"rendered":"https:\/\/folprecht.hiseo.cz\/?page_id=46"},"modified":"2026-01-07T00:13:25","modified_gmt":"2026-01-06T23:13:25","slug":"elektroinstalace","status":"publish","type":"page","link":"https:\/\/folprecht.hiseo.cz\/en\/elektroinstalace\/","title":{"rendered":"ELEKTROINSTALACE"},"content":{"rendered":"<div data-elementor-type=\"wp-page\" data-elementor-id=\"46\" class=\"elementor elementor-46\" data-elementor-post-type=\"page\">\n\t\t\t\t<div class=\"elementor-element elementor-element-30d902ac e-con-full e-flex e-con e-parent\" data-id=\"30d902ac\" data-element_type=\"container\" data-settings=\"{&quot;background_background&quot;:&quot;none&quot;}\">\n\t\t<div class=\"elementor-element elementor-element-1c9ad6d9 e-con-full elementor-hidden-mobile e-flex elementor-invisible e-con e-child\" data-id=\"1c9ad6d9\" data-element_type=\"container\" data-settings=\"{&quot;background_background&quot;:&quot;classic&quot;,&quot;animation&quot;:&quot;slideInLeft&quot;}\">\n\t\t\t\t<div class=\"elementor-element elementor-element-5f068257 animated-slow elementor-widget__width-initial elementor-invisible elementor-widget elementor-widget-image\" data-id=\"5f068257\" data-element_type=\"widget\" data-settings=\"{&quot;_animation&quot;:&quot;slideInLeft&quot;,&quot;_animation_delay&quot;:100}\" data-widget_type=\"image.default\">\n\t\t\t\t\t\t\t\t\t\t\t\t\t\t\t<img fetchpriority=\"high\" decoding=\"async\" width=\"800\" height=\"534\" src=\"https:\/\/folprecht.hiseo.cz\/wp-content\/uploads\/2025\/08\/iflop-a-1024x683.webp\" class=\"attachment-large size-large wp-image-168\" alt=\"\" srcset=\"https:\/\/folprecht.hiseo.cz\/wp-content\/uploads\/2025\/08\/iflop-a-1024x683.webp 1024w, https:\/\/folprecht.hiseo.cz\/wp-content\/uploads\/2025\/08\/iflop-a-300x200.webp 300w, https:\/\/folprecht.hiseo.cz\/wp-content\/uploads\/2025\/08\/iflop-a-768x513.webp 768w, https:\/\/folprecht.hiseo.cz\/wp-content\/uploads\/2025\/08\/iflop-a-1536x1025.webp 1536w, https:\/\/folprecht.hiseo.cz\/wp-content\/uploads\/2025\/08\/iflop-a-2048x1367.webp 2048w\" sizes=\"(max-width: 800px) 100vw, 800px\" \/>\t\t\t\t\t\t\t\t\t\t\t\t\t\t\t<\/div>\n\t\t\t\t<\/div>\n\t\t<div class=\"elementor-element elementor-element-4f11d8d e-con-full e-flex e-con e-child\" data-id=\"4f11d8d\" data-element_type=\"container\" data-settings=\"{&quot;background_background&quot;:&quot;none&quot;}\">\n\t\t<div class=\"elementor-element elementor-element-245bfe05 e-flex e-con-boxed e-con e-child\" data-id=\"245bfe05\" data-element_type=\"container\">\n\t\t\t\t\t<div class=\"e-con-inner\">\n\t\t\t\t<div class=\"elementor-element elementor-element-6bfbeb20 elementor-widget elementor-widget-heading\" data-id=\"6bfbeb20\" data-element_type=\"widget\" data-widget_type=\"heading.default\">\n\t\t\t\t\t<h2 class=\"elementor-heading-title elementor-size-default\">ELEKTROINSTALACE<\/h2>\t\t\t\t<\/div>\n\t\t\t\t<div class=\"elementor-element elementor-element-544fc896 elementor-widget-divider--view-line elementor-widget elementor-widget-divider\" data-id=\"544fc896\" data-element_type=\"widget\" data-widget_type=\"divider.default\">\n\t\t\t\t\t\t\t<div class=\"elementor-divider\">\n\t\t\t<span class=\"elementor-divider-separator\">\n\t\t\t\t\t\t<\/span>\n\t\t<\/div>\n\t\t\t\t\t\t<\/div>\n\t\t\t\t<div class=\"elementor-element elementor-element-6ae947d4 elementor-widget elementor-widget-text-editor\" data-id=\"6ae947d4\" data-element_type=\"widget\" data-widget_type=\"text-editor.default\">\n\t\t\t\t\t\t\t\t\t<div><strong>Prov\u00e1d\u00edm ve\u0161ker\u00e9 elektroinstala\u010dn\u00ed pr\u00e1ce a slu\u017eby pro dom\u00e1cnosti i firmy. Od drobn\u00fdch oprav, p\u0159es \u00fadr\u017ebu, instalaci osv\u011btlen\u00ed, v\u00fdm\u011bny z\u00e1suvek, \u00a0vyp\u00edna\u010d\u016f a\u017e po kompletn\u00ed instalace nov\u00fdch elektrick\u00fdch rozvod\u016f v bytech a domech, v\u010detn\u011b reviz\u00ed a zpracov\u00e1n\u00ed dokumentace.<\/strong><\/div><div>\u00a0<\/div><div>Nab\u00edz\u00edm poradenstv\u00ed p\u0159i v\u00fdb\u011bru vhodn\u00fdch za\u0159\u00edzen\u00ed a zajist\u00edm i n\u00e1slednou mont\u00e1\u017e a p\u0159ipojen\u00ed. V\u0161e podle platn\u00fdch norem a p\u0159edstav z\u00e1kazn\u00edka. D\u00edky m\u00fdm dlouholet\u00fdm zku\u0161enostem a praxi v oboru budete m\u00edt v\u017edy jistotu kvality a profesion\u00e1ln\u00edho proveden\u00ed.<\/div>\t\t\t\t\t\t\t\t<\/div>\n\t\t\t\t\t<\/div>\n\t\t\t\t<\/div>\n\t\t\t\t<\/div>\n\t\t\t\t<\/div>\n\t\t<div class=\"elementor-element elementor-element-e65d87a e-flex e-con-boxed e-con e-parent\" data-id=\"e65d87a\" data-element_type=\"container\">\n\t\t\t\t\t<div class=\"e-con-inner\">\n\t\t<div class=\"elementor-element elementor-element-41abda1 e-flex e-con-boxed e-con e-child\" data-id=\"41abda1\" data-element_type=\"container\">\n\t\t\t\t\t<div class=\"e-con-inner\">\n\t\t<div class=\"elementor-element elementor-element-68903338 e-flex e-con-boxed e-con e-child\" data-id=\"68903338\" data-element_type=\"container\">\n\t\t\t\t\t<div class=\"e-con-inner\">\n\t\t\t\t<div class=\"elementor-element elementor-element-4af68ecf elementor-invisible elementor-widget elementor-widget-heading\" data-id=\"4af68ecf\" data-element_type=\"widget\" data-settings=\"{&quot;_animation&quot;:&quot;slideInUp&quot;}\" data-widget_type=\"heading.default\">\n\t\t\t\t\t<h2 class=\"elementor-heading-title elementor-size-default\">CEN\u00cdK<\/h2>\t\t\t\t<\/div>\n\t\t\t\t<div class=\"elementor-element elementor-element-64d7a3b elementor-widget elementor-widget-text-editor\" data-id=\"64d7a3b\" data-element_type=\"widget\" data-widget_type=\"text-editor.default\">\n\t\t\t\t\t\t\t\t\t<div>Ceny drobn\u00fdch oprav se pohybuj\u00ed od 250,- K\u010d v\u00fd\u0161e v z\u00e1vislosti na m\u00edst\u011b, pou\u017eit\u00e9m materi\u00e1lu a slo\u017eitosti opravy. U m\u011b v\u0161ak v\u017edy v\u00edte, za co plat\u00edte. Nab\u00edz\u00edm kvalitn\u00ed elektroinstala\u010dn\u00ed pr\u00e1ce za f\u00e9rov\u00e9 a dostupn\u00e9 ceny, kter\u00e9 odpov\u00eddaj\u00ed rozsahu i n\u00e1ro\u010dnosti zak\u00e1zky.<\/div><div>U v\u011bt\u0161\u00edch zak\u00e1zek je samoz\u0159ejmost\u00ed individu\u00e1ln\u00ed cenov\u00e1 nab\u00eddka p\u0159edem, bez skryt\u00fdch poplatk\u016f a nep\u0159\u00edjemn\u00fdch p\u0159ekvapen\u00ed.<\/div><div>Profesion\u00e1ln\u00ed p\u0159\u00edstup, spolehlivost a rozumn\u00e1 cena \u2013 to je standard, na kter\u00fd se m\u016f\u017eete spolehnout.\u00a0<\/div><div>\u00a0<\/div>\t\t\t\t\t\t\t\t<\/div>\n\t\t\t\t\t<\/div>\n\t\t\t\t<\/div>\n\t\t\t\t<div class=\"elementor-element elementor-element-4323fa0c elementor-invisible elementor-widget elementor-widget-heading\" data-id=\"4323fa0c\" data-element_type=\"widget\" data-settings=\"{&quot;_animation&quot;:&quot;slideInUp&quot;}\" data-widget_type=\"heading.default\">\n\t\t\t\t\t<h2 class=\"elementor-heading-title elementor-size-default\">FOTOGALERIE<\/h2>\t\t\t\t<\/div>\n\t\t\t\t<div class=\"elementor-element elementor-element-6bd33489 elementor-invisible elementor-widget elementor-widget-gallery\" data-id=\"6bd33489\" data-element_type=\"widget\" data-settings=\"{&quot;gallery_layout&quot;:&quot;masonry&quot;,&quot;_animation&quot;:&quot;slideInUp&quot;,&quot;columns&quot;:3,&quot;lazyload&quot;:&quot;yes&quot;,&quot;columns_tablet&quot;:2,&quot;columns_mobile&quot;:1,&quot;gap&quot;:{&quot;unit&quot;:&quot;px&quot;,&quot;size&quot;:10,&quot;sizes&quot;:[]},&quot;gap_tablet&quot;:{&quot;unit&quot;:&quot;px&quot;,&quot;size&quot;:10,&quot;sizes&quot;:[]},&quot;gap_mobile&quot;:{&quot;unit&quot;:&quot;px&quot;,&quot;size&quot;:10,&quot;sizes&quot;:[]},&quot;link_to&quot;:&quot;file&quot;,&quot;overlay_background&quot;:&quot;yes&quot;,&quot;content_hover_animation&quot;:&quot;fade-in&quot;}\" data-widget_type=\"gallery.default\">\n\t\t\t\t\t\t\t<div class=\"elementor-gallery__container\">\n\t\t\t\t\t\t\t<a class=\"e-gallery-item elementor-gallery-item elementor-animated-content\" href=\"https:\/\/folprecht.hiseo.cz\/wp-content\/uploads\/2025\/08\/iflop-a-scaled.webp\" data-elementor-open-lightbox=\"yes\" data-elementor-lightbox-slideshow=\"6bd33489\" data-elementor-lightbox-title=\"iflop a\" data-e-action-hash=\"#elementor-action%3Aaction%3Dlightbox%26settings%3DeyJpZCI6MTY4LCJ1cmwiOiJodHRwczpcL1wvZm9scHJlY2h0Lmhpc2VvLmN6XC93cC1jb250ZW50XC91cGxvYWRzXC8yMDI1XC8wOFwvaWZsb3AtYS1zY2FsZWQud2VicCIsInNsaWRlc2hvdyI6IjZiZDMzNDg5In0%3D\">\n\t\t\t\t\t<div class=\"e-gallery-image elementor-gallery-item__image\" data-thumbnail=\"https:\/\/folprecht.hiseo.cz\/wp-content\/uploads\/2025\/08\/iflop-a-768x513.webp\" data-width=\"768\" data-height=\"513\" aria-label=\"\" role=\"img\" ><\/div>\n\t\t\t\t\t\t\t\t\t\t\t<div class=\"elementor-gallery-item__overlay\"><\/div>\n\t\t\t\t\t\t\t\t\t\t\t\t\t\t<\/a>\n\t\t\t\t\t\t\t<a class=\"e-gallery-item elementor-gallery-item elementor-animated-content\" href=\"https:\/\/folprecht.hiseo.cz\/wp-content\/uploads\/2025\/08\/iflop-b-scaled.webp\" data-elementor-open-lightbox=\"yes\" data-elementor-lightbox-slideshow=\"6bd33489\" data-elementor-lightbox-title=\"iflop b\" data-e-action-hash=\"#elementor-action%3Aaction%3Dlightbox%26settings%3DeyJpZCI6MTY2LCJ1cmwiOiJodHRwczpcL1wvZm9scHJlY2h0Lmhpc2VvLmN6XC93cC1jb250ZW50XC91cGxvYWRzXC8yMDI1XC8wOFwvaWZsb3AtYi1zY2FsZWQud2VicCIsInNsaWRlc2hvdyI6IjZiZDMzNDg5In0%3D\">\n\t\t\t\t\t<div class=\"e-gallery-image elementor-gallery-item__image\" data-thumbnail=\"https:\/\/folprecht.hiseo.cz\/wp-content\/uploads\/2025\/08\/iflop-b-768x1150.webp\" data-width=\"768\" data-height=\"1150\" aria-label=\"\" role=\"img\" ><\/div>\n\t\t\t\t\t\t\t\t\t\t\t<div class=\"elementor-gallery-item__overlay\"><\/div>\n\t\t\t\t\t\t\t\t\t\t\t\t\t\t<\/a>\n\t\t\t\t\t\t\t<a class=\"e-gallery-item elementor-gallery-item elementor-animated-content\" href=\"https:\/\/folprecht.hiseo.cz\/wp-content\/uploads\/2025\/08\/iflop-c-scaled.webp\" data-elementor-open-lightbox=\"yes\" data-elementor-lightbox-slideshow=\"6bd33489\" data-elementor-lightbox-title=\"iflop c\" data-e-action-hash=\"#elementor-action%3Aaction%3Dlightbox%26settings%3DeyJpZCI6MTY1LCJ1cmwiOiJodHRwczpcL1wvZm9scHJlY2h0Lmhpc2VvLmN6XC93cC1jb250ZW50XC91cGxvYWRzXC8yMDI1XC8wOFwvaWZsb3AtYy1zY2FsZWQud2VicCIsInNsaWRlc2hvdyI6IjZiZDMzNDg5In0%3D\">\n\t\t\t\t\t<div class=\"e-gallery-image elementor-gallery-item__image\" data-thumbnail=\"https:\/\/folprecht.hiseo.cz\/wp-content\/uploads\/2025\/08\/iflop-c-768x512.webp\" data-width=\"768\" data-height=\"512\" aria-label=\"\" role=\"img\" ><\/div>\n\t\t\t\t\t\t\t\t\t\t\t<div class=\"elementor-gallery-item__overlay\"><\/div>\n\t\t\t\t\t\t\t\t\t\t\t\t\t\t<\/a>\n\t\t\t\t\t\t\t<a class=\"e-gallery-item elementor-gallery-item elementor-animated-content\" href=\"https:\/\/folprecht.hiseo.cz\/wp-content\/uploads\/2025\/08\/iflop-d-scaled.webp\" data-elementor-open-lightbox=\"yes\" data-elementor-lightbox-slideshow=\"6bd33489\" data-elementor-lightbox-title=\"Website development layout sketch drawing\" data-e-action-hash=\"#elementor-action%3Aaction%3Dlightbox%26settings%3DeyJpZCI6MTYzLCJ1cmwiOiJodHRwczpcL1wvZm9scHJlY2h0Lmhpc2VvLmN6XC93cC1jb250ZW50XC91cGxvYWRzXC8yMDI1XC8wOFwvaWZsb3AtZC1zY2FsZWQud2VicCIsInNsaWRlc2hvdyI6IjZiZDMzNDg5In0%3D\">\n\t\t\t\t\t<div class=\"e-gallery-image elementor-gallery-item__image\" data-thumbnail=\"https:\/\/folprecht.hiseo.cz\/wp-content\/uploads\/2025\/08\/iflop-d-768x513.webp\" data-width=\"768\" data-height=\"513\" aria-label=\"\" role=\"img\" ><\/div>\n\t\t\t\t\t\t\t\t\t\t\t<div class=\"elementor-gallery-item__overlay\"><\/div>\n\t\t\t\t\t\t\t\t\t\t\t\t\t\t<\/a>\n\t\t\t\t\t\t\t<a class=\"e-gallery-item elementor-gallery-item elementor-animated-content\" href=\"https:\/\/folprecht.hiseo.cz\/wp-content\/uploads\/2025\/08\/iflop-e-scaled.webp\" data-elementor-open-lightbox=\"yes\" data-elementor-lightbox-slideshow=\"6bd33489\" data-elementor-lightbox-title=\"iflop e\" data-e-action-hash=\"#elementor-action%3Aaction%3Dlightbox%26settings%3DeyJpZCI6MTYyLCJ1cmwiOiJodHRwczpcL1wvZm9scHJlY2h0Lmhpc2VvLmN6XC93cC1jb250ZW50XC91cGxvYWRzXC8yMDI1XC8wOFwvaWZsb3AtZS1zY2FsZWQud2VicCIsInNsaWRlc2hvdyI6IjZiZDMzNDg5In0%3D\">\n\t\t\t\t\t<div class=\"e-gallery-image elementor-gallery-item__image\" data-thumbnail=\"https:\/\/folprecht.hiseo.cz\/wp-content\/uploads\/2025\/08\/iflop-e-768x513.webp\" data-width=\"768\" data-height=\"513\" aria-label=\"\" role=\"img\" ><\/div>\n\t\t\t\t\t\t\t\t\t\t\t<div class=\"elementor-gallery-item__overlay\"><\/div>\n\t\t\t\t\t\t\t\t\t\t\t\t\t\t<\/a>\n\t\t\t\t\t\t\t<a class=\"e-gallery-item elementor-gallery-item elementor-animated-content\" href=\"https:\/\/folprecht.hiseo.cz\/wp-content\/uploads\/2025\/08\/iflop-f-scaled.webp\" data-elementor-open-lightbox=\"yes\" data-elementor-lightbox-slideshow=\"6bd33489\" data-elementor-lightbox-title=\"iflop f\" data-e-action-hash=\"#elementor-action%3Aaction%3Dlightbox%26settings%3DeyJpZCI6MTYxLCJ1cmwiOiJodHRwczpcL1wvZm9scHJlY2h0Lmhpc2VvLmN6XC93cC1jb250ZW50XC91cGxvYWRzXC8yMDI1XC8wOFwvaWZsb3AtZi1zY2FsZWQud2VicCIsInNsaWRlc2hvdyI6IjZiZDMzNDg5In0%3D\">\n\t\t\t\t\t<div class=\"e-gallery-image elementor-gallery-item__image\" data-thumbnail=\"https:\/\/folprecht.hiseo.cz\/wp-content\/uploads\/2025\/08\/iflop-f-768x512.webp\" data-width=\"768\" data-height=\"512\" aria-label=\"\" role=\"img\" ><\/div>\n\t\t\t\t\t\t\t\t\t\t\t<div class=\"elementor-gallery-item__overlay\"><\/div>\n\t\t\t\t\t\t\t\t\t\t\t\t\t\t<\/a>\n\t\t\t\t\t\t\t<a class=\"e-gallery-item elementor-gallery-item elementor-animated-content\" href=\"https:\/\/folprecht.hiseo.cz\/wp-content\/uploads\/2025\/08\/iflop-g-scaled.webp\" data-elementor-open-lightbox=\"yes\" data-elementor-lightbox-slideshow=\"6bd33489\" data-elementor-lightbox-title=\"iflop g\" data-e-action-hash=\"#elementor-action%3Aaction%3Dlightbox%26settings%3DeyJpZCI6MTYwLCJ1cmwiOiJodHRwczpcL1wvZm9scHJlY2h0Lmhpc2VvLmN6XC93cC1jb250ZW50XC91cGxvYWRzXC8yMDI1XC8wOFwvaWZsb3AtZy1zY2FsZWQud2VicCIsInNsaWRlc2hvdyI6IjZiZDMzNDg5In0%3D\">\n\t\t\t\t\t<div class=\"e-gallery-image elementor-gallery-item__image\" data-thumbnail=\"https:\/\/folprecht.hiseo.cz\/wp-content\/uploads\/2025\/08\/iflop-g-768x512.webp\" data-width=\"768\" data-height=\"512\" aria-label=\"\" role=\"img\" ><\/div>\n\t\t\t\t\t\t\t\t\t\t\t<div class=\"elementor-gallery-item__overlay\"><\/div>\n\t\t\t\t\t\t\t\t\t\t\t\t\t\t<\/a>\n\t\t\t\t\t\t\t<a class=\"e-gallery-item elementor-gallery-item elementor-animated-content\" href=\"https:\/\/folprecht.hiseo.cz\/wp-content\/uploads\/2025\/08\/iflop-h-scaled.webp\" data-elementor-open-lightbox=\"yes\" data-elementor-lightbox-slideshow=\"6bd33489\" data-elementor-lightbox-title=\"iflop h\" data-e-action-hash=\"#elementor-action%3Aaction%3Dlightbox%26settings%3DeyJpZCI6MTU4LCJ1cmwiOiJodHRwczpcL1wvZm9scHJlY2h0Lmhpc2VvLmN6XC93cC1jb250ZW50XC91cGxvYWRzXC8yMDI1XC8wOFwvaWZsb3AtaC1zY2FsZWQud2VicCIsInNsaWRlc2hvdyI6IjZiZDMzNDg5In0%3D\">\n\t\t\t\t\t<div class=\"e-gallery-image elementor-gallery-item__image\" data-thumbnail=\"https:\/\/folprecht.hiseo.cz\/wp-content\/uploads\/2025\/08\/iflop-h-768x512.webp\" data-width=\"768\" data-height=\"512\" aria-label=\"\" role=\"img\" ><\/div>\n\t\t\t\t\t\t\t\t\t\t\t<div class=\"elementor-gallery-item__overlay\"><\/div>\n\t\t\t\t\t\t\t\t\t\t\t\t\t\t<\/a>\n\t\t\t\t\t<\/div>\n\t\t\t\t\t<\/div>\n\t\t\t\t\t<\/div>\n\t\t\t\t<\/div>\n\t\t\t\t\t<\/div>\n\t\t\t\t<\/div>\n\t\t\t\t<\/div>","protected":false},"excerpt":{"rendered":"<p>ELEKTROINSTALACE Prov\u00e1d\u00edm ve\u0161ker\u00e9 elektroinstala\u010dn\u00ed pr\u00e1ce a slu\u017eby pro dom\u00e1cnosti i firmy. Od drobn\u00fdch oprav, p\u0159es \u00fadr\u017ebu, instalaci osv\u011btlen\u00ed, v\u00fdm\u011bny z\u00e1suvek, \u00a0vyp\u00edna\u010d\u016f a\u017e po kompletn\u00ed instalace nov\u00fdch elektrick\u00fdch rozvod\u016f v bytech a domech, v\u010detn\u011b reviz\u00ed a zpracov\u00e1n\u00ed dokumentace.\u00a0Nab\u00edz\u00edm poradenstv\u00ed p\u0159i v\u00fdb\u011bru vhodn\u00fdch za\u0159\u00edzen\u00ed a zajist\u00edm i n\u00e1slednou mont\u00e1\u017e a p\u0159ipojen\u00ed. V\u0161e podle platn\u00fdch norem a p\u0159edstav [&hellip;]<\/p>","protected":false},"author":1,"featured_media":0,"parent":0,"menu_order":0,"comment_status":"closed","ping_status":"closed","template":"","meta":{"footnotes":""},"class_list":["post-46","page","type-page","status-publish","hentry"],"yoast_head":"<!-- This site is optimized with the Yoast SEO plugin v25.6 - https:\/\/yoast.com\/wordpress\/plugins\/seo\/ -->\n<title>ELEKTROINSTALACE - iFolpi s.r.o.<\/title>\n<meta name=\"robots\" content=\"index, follow, max-snippet:-1, max-image-preview:large, max-video-preview:-1\" \/>\n<link rel=\"canonical\" href=\"https:\/\/folprecht.hiseo.cz\/en\/elektroinstalace\/\" \/>\n<meta property=\"og:locale\" content=\"en_GB\" \/>\n<meta property=\"og:type\" content=\"article\" \/>\n<meta property=\"og:title\" content=\"ELEKTROINSTALACE - iFolpi s.r.o.\" \/>\n<meta property=\"og:description\" content=\"ELEKTROINSTALACE Prov\u00e1d\u00edm ve\u0161ker\u00e9 elektroinstala\u010dn\u00ed pr\u00e1ce a slu\u017eby pro dom\u00e1cnosti i firmy. Od drobn\u00fdch oprav, p\u0159es \u00fadr\u017ebu, instalaci osv\u011btlen\u00ed, v\u00fdm\u011bny z\u00e1suvek, \u00a0vyp\u00edna\u010d\u016f a\u017e po kompletn\u00ed instalace nov\u00fdch elektrick\u00fdch rozvod\u016f v bytech a domech, v\u010detn\u011b reviz\u00ed a zpracov\u00e1n\u00ed dokumentace.\u00a0Nab\u00edz\u00edm poradenstv\u00ed p\u0159i v\u00fdb\u011bru vhodn\u00fdch za\u0159\u00edzen\u00ed a zajist\u00edm i n\u00e1slednou mont\u00e1\u017e a p\u0159ipojen\u00ed. V\u0161e podle platn\u00fdch norem a p\u0159edstav [&hellip;]\" \/>\n<meta property=\"og:url\" content=\"https:\/\/folprecht.hiseo.cz\/en\/elektroinstalace\/\" \/>\n<meta property=\"og:site_name\" content=\"iFolpi s.r.o.\" \/>\n<meta property=\"article:modified_time\" content=\"2026-01-06T23:13:25+00:00\" \/>\n<meta property=\"og:image\" content=\"https:\/\/folprecht.hiseo.cz\/wp-content\/uploads\/2025\/08\/iflop-a-scaled.webp\" \/>\n\t<meta property=\"og:image:width\" content=\"2500\" \/>\n\t<meta property=\"og:image:height\" content=\"1669\" \/>\n\t<meta property=\"og:image:type\" content=\"image\/webp\" \/>\n<meta name=\"twitter:card\" content=\"summary_large_image\" \/>\n<meta name=\"twitter:label1\" content=\"Estimated reading time\" \/>\n\t<meta name=\"twitter:data1\" content=\"1 minute\" \/>\n<script type=\"application\/ld+json\" class=\"yoast-schema-graph\">{\"@context\":\"https:\/\/schema.org\",\"@graph\":[{\"@type\":\"WebPage\",\"@id\":\"https:\/\/folprecht.hiseo.cz\/elektroinstalace\/\",\"url\":\"https:\/\/folprecht.hiseo.cz\/elektroinstalace\/\",\"name\":\"ELEKTROINSTALACE - iFolpi s.r.o.\",\"isPartOf\":{\"@id\":\"https:\/\/folprecht.hiseo.cz\/#website\"},\"primaryImageOfPage\":{\"@id\":\"https:\/\/folprecht.hiseo.cz\/elektroinstalace\/#primaryimage\"},\"image\":{\"@id\":\"https:\/\/folprecht.hiseo.cz\/elektroinstalace\/#primaryimage\"},\"thumbnailUrl\":\"https:\/\/folprecht.hiseo.cz\/wp-content\/uploads\/2025\/08\/iflop-a-1024x683.webp\",\"datePublished\":\"2025-07-31T22:55:24+00:00\",\"dateModified\":\"2026-01-06T23:13:25+00:00\",\"breadcrumb\":{\"@id\":\"https:\/\/folprecht.hiseo.cz\/elektroinstalace\/#breadcrumb\"},\"inLanguage\":\"en-GB\",\"potentialAction\":[{\"@type\":\"ReadAction\",\"target\":[\"https:\/\/folprecht.hiseo.cz\/elektroinstalace\/\"]}]},{\"@type\":\"ImageObject\",\"inLanguage\":\"en-GB\",\"@id\":\"https:\/\/folprecht.hiseo.cz\/elektroinstalace\/#primaryimage\",\"url\":\"https:\/\/folprecht.hiseo.cz\/wp-content\/uploads\/2025\/08\/iflop-a-1024x683.webp\",\"contentUrl\":\"https:\/\/folprecht.hiseo.cz\/wp-content\/uploads\/2025\/08\/iflop-a-1024x683.webp\"},{\"@type\":\"BreadcrumbList\",\"@id\":\"https:\/\/folprecht.hiseo.cz\/elektroinstalace\/#breadcrumb\",\"itemListElement\":[{\"@type\":\"ListItem\",\"position\":1,\"name\":\"Dom\u016f\",\"item\":\"https:\/\/folprecht.hiseo.cz\/\"},{\"@type\":\"ListItem\",\"position\":2,\"name\":\"ELEKTROINSTALACE\"}]},{\"@type\":\"WebSite\",\"@id\":\"https:\/\/folprecht.hiseo.cz\/#website\",\"url\":\"https:\/\/folprecht.hiseo.cz\/\",\"name\":\"folprecht\",\"description\":\"iFolpi s.r.o. |  ELEKTROINSTALACE | INTERNETOV\u00c9 STR\u00c1NKY | AUDIO-VIDEO | GSM OVL\u00c1D\u00c1N\u00cd\",\"publisher\":{\"@id\":\"https:\/\/folprecht.hiseo.cz\/#organization\"},\"potentialAction\":[{\"@type\":\"SearchAction\",\"target\":{\"@type\":\"EntryPoint\",\"urlTemplate\":\"https:\/\/folprecht.hiseo.cz\/?s={search_term_string}\"},\"query-input\":{\"@type\":\"PropertyValueSpecification\",\"valueRequired\":true,\"valueName\":\"search_term_string\"}}],\"inLanguage\":\"en-GB\"},{\"@type\":\"Organization\",\"@id\":\"https:\/\/folprecht.hiseo.cz\/#organization\",\"name\":\"folprecht\",\"url\":\"https:\/\/folprecht.hiseo.cz\/\",\"logo\":{\"@type\":\"ImageObject\",\"inLanguage\":\"en-GB\",\"@id\":\"https:\/\/folprecht.hiseo.cz\/#\/schema\/logo\/image\/\",\"url\":\"https:\/\/folprecht.hiseo.cz\/wp-content\/uploads\/2025\/08\/Logo_PNG_color_mail_podpis.webp\",\"contentUrl\":\"https:\/\/folprecht.hiseo.cz\/wp-content\/uploads\/2025\/08\/Logo_PNG_color_mail_podpis.webp\",\"width\":206,\"height\":100,\"caption\":\"folprecht\"},\"image\":{\"@id\":\"https:\/\/folprecht.hiseo.cz\/#\/schema\/logo\/image\/\"}}]}<\/script>\n<!-- \/ Yoast SEO plugin. -->","yoast_head_json":{"title":"ELEKTROINSTALACE - iFolpi s.r.o.","robots":{"index":"index","follow":"follow","max-snippet":"max-snippet:-1","max-image-preview":"max-image-preview:large","max-video-preview":"max-video-preview:-1"},"canonical":"https:\/\/folprecht.hiseo.cz\/en\/elektroinstalace\/","og_locale":"en_GB","og_type":"article","og_title":"ELEKTROINSTALACE - iFolpi s.r.o.","og_description":"ELEKTROINSTALACE Prov\u00e1d\u00edm ve\u0161ker\u00e9 elektroinstala\u010dn\u00ed pr\u00e1ce a slu\u017eby pro dom\u00e1cnosti i firmy. Od drobn\u00fdch oprav, p\u0159es \u00fadr\u017ebu, instalaci osv\u011btlen\u00ed, v\u00fdm\u011bny z\u00e1suvek, \u00a0vyp\u00edna\u010d\u016f a\u017e po kompletn\u00ed instalace nov\u00fdch elektrick\u00fdch rozvod\u016f v bytech a domech, v\u010detn\u011b reviz\u00ed a zpracov\u00e1n\u00ed dokumentace.\u00a0Nab\u00edz\u00edm poradenstv\u00ed p\u0159i v\u00fdb\u011bru vhodn\u00fdch za\u0159\u00edzen\u00ed a zajist\u00edm i n\u00e1slednou mont\u00e1\u017e a p\u0159ipojen\u00ed. V\u0161e podle platn\u00fdch norem a p\u0159edstav [&hellip;]","og_url":"https:\/\/folprecht.hiseo.cz\/en\/elektroinstalace\/","og_site_name":"iFolpi s.r.o.","article_modified_time":"2026-01-06T23:13:25+00:00","og_image":[{"width":2500,"height":1669,"url":"https:\/\/folprecht.hiseo.cz\/wp-content\/uploads\/2025\/08\/iflop-a-scaled.webp","type":"image\/webp"}],"twitter_card":"summary_large_image","twitter_misc":{"Estimated reading time":"1 minute"},"schema":{"@context":"https:\/\/schema.org","@graph":[{"@type":"WebPage","@id":"https:\/\/folprecht.hiseo.cz\/elektroinstalace\/","url":"https:\/\/folprecht.hiseo.cz\/elektroinstalace\/","name":"ELEKTROINSTALACE - iFolpi s.r.o.","isPartOf":{"@id":"https:\/\/folprecht.hiseo.cz\/#website"},"primaryImageOfPage":{"@id":"https:\/\/folprecht.hiseo.cz\/elektroinstalace\/#primaryimage"},"image":{"@id":"https:\/\/folprecht.hiseo.cz\/elektroinstalace\/#primaryimage"},"thumbnailUrl":"https:\/\/folprecht.hiseo.cz\/wp-content\/uploads\/2025\/08\/iflop-a-1024x683.webp","datePublished":"2025-07-31T22:55:24+00:00","dateModified":"2026-01-06T23:13:25+00:00","breadcrumb":{"@id":"https:\/\/folprecht.hiseo.cz\/elektroinstalace\/#breadcrumb"},"inLanguage":"en-GB","potentialAction":[{"@type":"ReadAction","target":["https:\/\/folprecht.hiseo.cz\/elektroinstalace\/"]}]},{"@type":"ImageObject","inLanguage":"en-GB","@id":"https:\/\/folprecht.hiseo.cz\/elektroinstalace\/#primaryimage","url":"https:\/\/folprecht.hiseo.cz\/wp-content\/uploads\/2025\/08\/iflop-a-1024x683.webp","contentUrl":"https:\/\/folprecht.hiseo.cz\/wp-content\/uploads\/2025\/08\/iflop-a-1024x683.webp"},{"@type":"BreadcrumbList","@id":"https:\/\/folprecht.hiseo.cz\/elektroinstalace\/#breadcrumb","itemListElement":[{"@type":"ListItem","position":1,"name":"Dom\u016f","item":"https:\/\/folprecht.hiseo.cz\/"},{"@type":"ListItem","position":2,"name":"ELEKTROINSTALACE"}]},{"@type":"WebSite","@id":"https:\/\/folprecht.hiseo.cz\/#website","url":"https:\/\/folprecht.hiseo.cz\/","name":"folprecht","description":"iFolpi s.r.o. |  ELEKTROINSTALACE | INTERNETOV\u00c9 STR\u00c1NKY | AUDIO-VIDEO | GSM OVL\u00c1D\u00c1N\u00cd","publisher":{"@id":"https:\/\/folprecht.hiseo.cz\/#organization"},"potentialAction":[{"@type":"SearchAction","target":{"@type":"EntryPoint","urlTemplate":"https:\/\/folprecht.hiseo.cz\/?s={search_term_string}"},"query-input":{"@type":"PropertyValueSpecification","valueRequired":true,"valueName":"search_term_string"}}],"inLanguage":"en-GB"},{"@type":"Organization","@id":"https:\/\/folprecht.hiseo.cz\/#organization","name":"folprecht","url":"https:\/\/folprecht.hiseo.cz\/","logo":{"@type":"ImageObject","inLanguage":"en-GB","@id":"https:\/\/folprecht.hiseo.cz\/#\/schema\/logo\/image\/","url":"https:\/\/folprecht.hiseo.cz\/wp-content\/uploads\/2025\/08\/Logo_PNG_color_mail_podpis.webp","contentUrl":"https:\/\/folprecht.hiseo.cz\/wp-content\/uploads\/2025\/08\/Logo_PNG_color_mail_podpis.webp","width":206,"height":100,"caption":"folprecht"},"image":{"@id":"https:\/\/folprecht.hiseo.cz\/#\/schema\/logo\/image\/"}}]}},"_links":{"self":[{"href":"https:\/\/folprecht.hiseo.cz\/en\/wp-json\/wp\/v2\/pages\/46","targetHints":{"allow":["GET"]}}],"collection":[{"href":"https:\/\/folprecht.hiseo.cz\/en\/wp-json\/wp\/v2\/pages"}],"about":[{"href":"https:\/\/folprecht.hiseo.cz\/en\/wp-json\/wp\/v2\/types\/page"}],"author":[{"embeddable":true,"href":"https:\/\/folprecht.hiseo.cz\/en\/wp-json\/wp\/v2\/users\/1"}],"replies":[{"embeddable":true,"href":"https:\/\/folprecht.hiseo.cz\/en\/wp-json\/wp\/v2\/comments?post=46"}],"version-history":[{"count":0,"href":"https:\/\/folprecht.hiseo.cz\/en\/wp-json\/wp\/v2\/pages\/46\/revisions"}],"wp:attachment":[{"href":"https:\/\/folprecht.hiseo.cz\/en\/wp-json\/wp\/v2\/media?parent=46"}],"curies":[{"name":"wp","href":"https:\/\/api.w.org\/{rel}","templated":true}]}}