{"id":49,"date":"2025-08-01T00:55:24","date_gmt":"2025-07-31T22:55:24","guid":{"rendered":"https:\/\/folprecht.hiseo.cz\/?page_id=49"},"modified":"2026-01-07T00:14:15","modified_gmt":"2026-01-06T23:14:15","slug":"fotovoltaika","status":"publish","type":"page","link":"https:\/\/folprecht.hiseo.cz\/en\/fotovoltaika\/","title":{"rendered":"FOTOVOLTAIKA"},"content":{"rendered":"<div data-elementor-type=\"wp-page\" data-elementor-id=\"49\" class=\"elementor elementor-49\" data-elementor-post-type=\"page\">\n\t\t\t\t<div class=\"elementor-element elementor-element-3d3e78d e-con-full e-flex e-con e-parent\" data-id=\"3d3e78d\" data-element_type=\"container\" data-settings=\"{&quot;background_background&quot;:&quot;none&quot;}\">\n\t\t<div class=\"elementor-element elementor-element-7ed1798 e-con-full elementor-hidden-mobile e-flex elementor-invisible e-con e-child\" data-id=\"7ed1798\" data-element_type=\"container\" data-settings=\"{&quot;background_background&quot;:&quot;classic&quot;,&quot;animation&quot;:&quot;slideInLeft&quot;}\">\n\t\t\t\t<div class=\"elementor-element elementor-element-3aa946f animated-slow elementor-widget__width-initial elementor-invisible elementor-widget elementor-widget-image\" data-id=\"3aa946f\" data-element_type=\"widget\" data-settings=\"{&quot;_animation&quot;:&quot;slideInLeft&quot;,&quot;_animation_delay&quot;:100}\" data-widget_type=\"image.default\">\n\t\t\t\t\t\t\t\t\t\t\t\t\t\t\t<img fetchpriority=\"high\" decoding=\"async\" width=\"800\" height=\"534\" src=\"https:\/\/folprecht.hiseo.cz\/wp-content\/uploads\/2025\/08\/iflopi-i-1024x683.webp\" class=\"attachment-large size-large wp-image-255\" alt=\"\" srcset=\"https:\/\/folprecht.hiseo.cz\/wp-content\/uploads\/2025\/08\/iflopi-i-1024x683.webp 1024w, https:\/\/folprecht.hiseo.cz\/wp-content\/uploads\/2025\/08\/iflopi-i-300x200.webp 300w, https:\/\/folprecht.hiseo.cz\/wp-content\/uploads\/2025\/08\/iflopi-i-768x512.webp 768w, https:\/\/folprecht.hiseo.cz\/wp-content\/uploads\/2025\/08\/iflopi-i-1536x1024.webp 1536w, https:\/\/folprecht.hiseo.cz\/wp-content\/uploads\/2025\/08\/iflopi-i-2048x1365.webp 2048w\" sizes=\"(max-width: 800px) 100vw, 800px\" \/>\t\t\t\t\t\t\t\t\t\t\t\t\t\t\t<\/div>\n\t\t\t\t<\/div>\n\t\t<div class=\"elementor-element elementor-element-ee5c5f5 e-con-full e-flex e-con e-child\" data-id=\"ee5c5f5\" data-element_type=\"container\" data-settings=\"{&quot;background_background&quot;:&quot;none&quot;}\">\n\t\t<div class=\"elementor-element elementor-element-02cbe5a e-flex e-con-boxed e-con e-child\" data-id=\"02cbe5a\" data-element_type=\"container\">\n\t\t\t\t\t<div class=\"e-con-inner\">\n\t\t\t\t<div class=\"elementor-element elementor-element-acb2088 elementor-widget elementor-widget-heading\" data-id=\"acb2088\" data-element_type=\"widget\" data-widget_type=\"heading.default\">\n\t\t\t\t\t<h2 class=\"elementor-heading-title elementor-size-default\">FOTOVOLTAIKA<\/h2>\t\t\t\t<\/div>\n\t\t\t\t<div class=\"elementor-element elementor-element-7f2767a elementor-widget-divider--view-line elementor-widget elementor-widget-divider\" data-id=\"7f2767a\" data-element_type=\"widget\" data-widget_type=\"divider.default\">\n\t\t\t\t\t\t\t<div class=\"elementor-divider\">\n\t\t\t<span class=\"elementor-divider-separator\">\n\t\t\t\t\t\t<\/span>\n\t\t<\/div>\n\t\t\t\t\t\t<\/div>\n\t\t\t\t<div class=\"elementor-element elementor-element-f0da8e4 elementor-widget elementor-widget-text-editor\" data-id=\"f0da8e4\" data-element_type=\"widget\" data-widget_type=\"text-editor.default\">\n\t\t\t\t\t\t\t\t\t<div><strong>Nab\u00edz\u00edm profesion\u00e1ln\u00ed instalaci fotovoltaick\u00fdch syst\u00e9m\u016f, kter\u00e9 v\u00e1m umo\u017en\u00ed vyu\u017e\u00edvat energii ze slunce pro v\u00e1\u0161 domov nebo firmu. Porad\u00edm a pomohu v\u00e1m vybrat optim\u00e1ln\u00ed \u0159e\u0161en\u00ed na m\u00edru, navrhnout spr\u00e1vn\u00e9 um\u00edst\u011bn\u00ed panel\u016f a postarat se o jejich instalaci a uveden\u00ed do provozu.<\/strong><\/div><div>\u00a0<\/div><div>S fotovoltaikou m\u016f\u017eete sn\u00ed\u017eit n\u00e1klady na energii, z\u00edskat nez\u00e1vislost na dodavatel\u00edch a p\u0159isp\u011bt k ochran\u011b \u017eivotn\u00edho prost\u0159ed\u00ed. V\u0161echny syst\u00e9my zaji\u0161\u0165uji v souladu s platn\u00fdmi normami a efektivn\u00edm provozem. \u00a0\u00a0<\/div>\t\t\t\t\t\t\t\t<\/div>\n\t\t\t\t\t<\/div>\n\t\t\t\t<\/div>\n\t\t\t\t<\/div>\n\t\t\t\t<\/div>\n\t\t<div class=\"elementor-element elementor-element-b433054 e-flex e-con-boxed e-con e-parent\" data-id=\"b433054\" data-element_type=\"container\">\n\t\t\t\t\t<div class=\"e-con-inner\">\n\t\t<div class=\"elementor-element elementor-element-30b09a4 e-flex e-con-boxed e-con e-child\" data-id=\"30b09a4\" data-element_type=\"container\">\n\t\t\t\t\t<div class=\"e-con-inner\">\n\t\t<div class=\"elementor-element elementor-element-a7fda04 e-flex e-con-boxed e-con e-child\" data-id=\"a7fda04\" data-element_type=\"container\">\n\t\t\t\t\t<div class=\"e-con-inner\">\n\t\t\t\t<div class=\"elementor-element elementor-element-64695da elementor-invisible elementor-widget elementor-widget-heading\" data-id=\"64695da\" data-element_type=\"widget\" data-settings=\"{&quot;_animation&quot;:&quot;slideInUp&quot;}\" data-widget_type=\"heading.default\">\n\t\t\t\t\t<h2 class=\"elementor-heading-title elementor-size-default\">CEN\u00cdK<\/h2>\t\t\t\t<\/div>\n\t\t\t\t<div class=\"elementor-element elementor-element-e9ef8fd elementor-widget elementor-widget-text-editor\" data-id=\"e9ef8fd\" data-element_type=\"widget\" data-widget_type=\"text-editor.default\">\n\t\t\t\t\t\t\t\t\t<div>Elektroinstalace pro fotovoltaick\u00e9 syst\u00e9my realizujeme podle po\u017eadavk\u016f z\u00e1kazn\u00edka a to za rozumn\u00e9 a dostupn\u00e9 ceny, v\u017edy s d\u016frazem na kvalitu, bezpe\u010dnost a dlouhou \u017eivotnost \u0159e\u0161en\u00ed.<\/div><div>Ka\u017edou zak\u00e1zku nace\u0148ujeme individu\u00e1ln\u011b a transparentn\u011b \u2013 cenu zn\u00e1te p\u0159edem, bez skryt\u00fdch poplatk\u016f.<\/div><div>Profesion\u00e1ln\u00ed mont\u00e1\u017e, rychl\u00e9 term\u00edny, rozumn\u00e9 ceny a cenov\u00e1 nab\u00eddka p\u0159edem jsou u n\u00e1s samoz\u0159ejmost\u00ed.<\/div>\t\t\t\t\t\t\t\t<\/div>\n\t\t\t\t\t<\/div>\n\t\t\t\t<\/div>\n\t\t\t\t<div class=\"elementor-element elementor-element-716764f elementor-invisible elementor-widget elementor-widget-heading\" data-id=\"716764f\" data-element_type=\"widget\" data-settings=\"{&quot;_animation&quot;:&quot;slideInUp&quot;}\" data-widget_type=\"heading.default\">\n\t\t\t\t\t<h2 class=\"elementor-heading-title elementor-size-default\">FOTOGALERIE<\/h2>\t\t\t\t<\/div>\n\t\t\t\t<div class=\"elementor-element elementor-element-421a8eb elementor-invisible elementor-widget elementor-widget-gallery\" data-id=\"421a8eb\" data-element_type=\"widget\" data-settings=\"{&quot;gallery_layout&quot;:&quot;masonry&quot;,&quot;_animation&quot;:&quot;slideInUp&quot;,&quot;columns&quot;:3,&quot;lazyload&quot;:&quot;yes&quot;,&quot;columns_tablet&quot;:2,&quot;columns_mobile&quot;:1,&quot;gap&quot;:{&quot;unit&quot;:&quot;px&quot;,&quot;size&quot;:10,&quot;sizes&quot;:[]},&quot;gap_tablet&quot;:{&quot;unit&quot;:&quot;px&quot;,&quot;size&quot;:10,&quot;sizes&quot;:[]},&quot;gap_mobile&quot;:{&quot;unit&quot;:&quot;px&quot;,&quot;size&quot;:10,&quot;sizes&quot;:[]},&quot;link_to&quot;:&quot;file&quot;,&quot;overlay_background&quot;:&quot;yes&quot;,&quot;content_hover_animation&quot;:&quot;fade-in&quot;}\" data-widget_type=\"gallery.default\">\n\t\t\t\t\t\t\t<div class=\"elementor-gallery__container\">\n\t\t\t\t\t\t\t<a class=\"e-gallery-item elementor-gallery-item elementor-animated-content\" href=\"https:\/\/folprecht.hiseo.cz\/wp-content\/uploads\/2025\/08\/iflop-a-scaled.webp\" data-elementor-open-lightbox=\"yes\" data-elementor-lightbox-slideshow=\"421a8eb\" data-elementor-lightbox-title=\"iflop a\" data-e-action-hash=\"#elementor-action%3Aaction%3Dlightbox%26settings%3DeyJpZCI6MTY4LCJ1cmwiOiJodHRwczpcL1wvZm9scHJlY2h0Lmhpc2VvLmN6XC93cC1jb250ZW50XC91cGxvYWRzXC8yMDI1XC8wOFwvaWZsb3AtYS1zY2FsZWQud2VicCIsInNsaWRlc2hvdyI6IjQyMWE4ZWIifQ%3D%3D\">\n\t\t\t\t\t<div class=\"e-gallery-image elementor-gallery-item__image\" data-thumbnail=\"https:\/\/folprecht.hiseo.cz\/wp-content\/uploads\/2025\/08\/iflop-a-768x513.webp\" data-width=\"768\" data-height=\"513\" aria-label=\"\" role=\"img\" ><\/div>\n\t\t\t\t\t\t\t\t\t\t\t<div class=\"elementor-gallery-item__overlay\"><\/div>\n\t\t\t\t\t\t\t\t\t\t\t\t\t\t<\/a>\n\t\t\t\t\t\t\t<a class=\"e-gallery-item elementor-gallery-item elementor-animated-content\" href=\"https:\/\/folprecht.hiseo.cz\/wp-content\/uploads\/2025\/08\/iflop-b-scaled.webp\" data-elementor-open-lightbox=\"yes\" data-elementor-lightbox-slideshow=\"421a8eb\" data-elementor-lightbox-title=\"iflop b\" data-e-action-hash=\"#elementor-action%3Aaction%3Dlightbox%26settings%3DeyJpZCI6MTY2LCJ1cmwiOiJodHRwczpcL1wvZm9scHJlY2h0Lmhpc2VvLmN6XC93cC1jb250ZW50XC91cGxvYWRzXC8yMDI1XC8wOFwvaWZsb3AtYi1zY2FsZWQud2VicCIsInNsaWRlc2hvdyI6IjQyMWE4ZWIifQ%3D%3D\">\n\t\t\t\t\t<div class=\"e-gallery-image elementor-gallery-item__image\" data-thumbnail=\"https:\/\/folprecht.hiseo.cz\/wp-content\/uploads\/2025\/08\/iflop-b-768x1150.webp\" data-width=\"768\" data-height=\"1150\" aria-label=\"\" role=\"img\" ><\/div>\n\t\t\t\t\t\t\t\t\t\t\t<div class=\"elementor-gallery-item__overlay\"><\/div>\n\t\t\t\t\t\t\t\t\t\t\t\t\t\t<\/a>\n\t\t\t\t\t\t\t<a class=\"e-gallery-item elementor-gallery-item elementor-animated-content\" href=\"https:\/\/folprecht.hiseo.cz\/wp-content\/uploads\/2025\/08\/iflop-c-scaled.webp\" data-elementor-open-lightbox=\"yes\" data-elementor-lightbox-slideshow=\"421a8eb\" data-elementor-lightbox-title=\"iflop c\" data-e-action-hash=\"#elementor-action%3Aaction%3Dlightbox%26settings%3DeyJpZCI6MTY1LCJ1cmwiOiJodHRwczpcL1wvZm9scHJlY2h0Lmhpc2VvLmN6XC93cC1jb250ZW50XC91cGxvYWRzXC8yMDI1XC8wOFwvaWZsb3AtYy1zY2FsZWQud2VicCIsInNsaWRlc2hvdyI6IjQyMWE4ZWIifQ%3D%3D\">\n\t\t\t\t\t<div class=\"e-gallery-image elementor-gallery-item__image\" data-thumbnail=\"https:\/\/folprecht.hiseo.cz\/wp-content\/uploads\/2025\/08\/iflop-c-768x512.webp\" data-width=\"768\" data-height=\"512\" aria-label=\"\" role=\"img\" ><\/div>\n\t\t\t\t\t\t\t\t\t\t\t<div class=\"elementor-gallery-item__overlay\"><\/div>\n\t\t\t\t\t\t\t\t\t\t\t\t\t\t<\/a>\n\t\t\t\t\t\t\t<a class=\"e-gallery-item elementor-gallery-item elementor-animated-content\" href=\"https:\/\/folprecht.hiseo.cz\/wp-content\/uploads\/2025\/08\/iflop-d-scaled.webp\" data-elementor-open-lightbox=\"yes\" data-elementor-lightbox-slideshow=\"421a8eb\" data-elementor-lightbox-title=\"Website development layout sketch drawing\" data-e-action-hash=\"#elementor-action%3Aaction%3Dlightbox%26settings%3DeyJpZCI6MTYzLCJ1cmwiOiJodHRwczpcL1wvZm9scHJlY2h0Lmhpc2VvLmN6XC93cC1jb250ZW50XC91cGxvYWRzXC8yMDI1XC8wOFwvaWZsb3AtZC1zY2FsZWQud2VicCIsInNsaWRlc2hvdyI6IjQyMWE4ZWIifQ%3D%3D\">\n\t\t\t\t\t<div class=\"e-gallery-image elementor-gallery-item__image\" data-thumbnail=\"https:\/\/folprecht.hiseo.cz\/wp-content\/uploads\/2025\/08\/iflop-d-768x513.webp\" data-width=\"768\" data-height=\"513\" aria-label=\"\" role=\"img\" ><\/div>\n\t\t\t\t\t\t\t\t\t\t\t<div class=\"elementor-gallery-item__overlay\"><\/div>\n\t\t\t\t\t\t\t\t\t\t\t\t\t\t<\/a>\n\t\t\t\t\t\t\t<a class=\"e-gallery-item elementor-gallery-item elementor-animated-content\" href=\"https:\/\/folprecht.hiseo.cz\/wp-content\/uploads\/2025\/08\/iflop-e-scaled.webp\" data-elementor-open-lightbox=\"yes\" data-elementor-lightbox-slideshow=\"421a8eb\" data-elementor-lightbox-title=\"iflop e\" data-e-action-hash=\"#elementor-action%3Aaction%3Dlightbox%26settings%3DeyJpZCI6MTYyLCJ1cmwiOiJodHRwczpcL1wvZm9scHJlY2h0Lmhpc2VvLmN6XC93cC1jb250ZW50XC91cGxvYWRzXC8yMDI1XC8wOFwvaWZsb3AtZS1zY2FsZWQud2VicCIsInNsaWRlc2hvdyI6IjQyMWE4ZWIifQ%3D%3D\">\n\t\t\t\t\t<div class=\"e-gallery-image elementor-gallery-item__image\" data-thumbnail=\"https:\/\/folprecht.hiseo.cz\/wp-content\/uploads\/2025\/08\/iflop-e-768x513.webp\" data-width=\"768\" data-height=\"513\" aria-label=\"\" role=\"img\" ><\/div>\n\t\t\t\t\t\t\t\t\t\t\t<div class=\"elementor-gallery-item__overlay\"><\/div>\n\t\t\t\t\t\t\t\t\t\t\t\t\t\t<\/a>\n\t\t\t\t\t\t\t<a class=\"e-gallery-item elementor-gallery-item elementor-animated-content\" href=\"https:\/\/folprecht.hiseo.cz\/wp-content\/uploads\/2025\/08\/iflop-f-scaled.webp\" data-elementor-open-lightbox=\"yes\" data-elementor-lightbox-slideshow=\"421a8eb\" data-elementor-lightbox-title=\"iflop f\" data-e-action-hash=\"#elementor-action%3Aaction%3Dlightbox%26settings%3DeyJpZCI6MTYxLCJ1cmwiOiJodHRwczpcL1wvZm9scHJlY2h0Lmhpc2VvLmN6XC93cC1jb250ZW50XC91cGxvYWRzXC8yMDI1XC8wOFwvaWZsb3AtZi1zY2FsZWQud2VicCIsInNsaWRlc2hvdyI6IjQyMWE4ZWIifQ%3D%3D\">\n\t\t\t\t\t<div class=\"e-gallery-image elementor-gallery-item__image\" data-thumbnail=\"https:\/\/folprecht.hiseo.cz\/wp-content\/uploads\/2025\/08\/iflop-f-768x512.webp\" data-width=\"768\" data-height=\"512\" aria-label=\"\" role=\"img\" ><\/div>\n\t\t\t\t\t\t\t\t\t\t\t<div class=\"elementor-gallery-item__overlay\"><\/div>\n\t\t\t\t\t\t\t\t\t\t\t\t\t\t<\/a>\n\t\t\t\t\t\t\t<a class=\"e-gallery-item elementor-gallery-item elementor-animated-content\" href=\"https:\/\/folprecht.hiseo.cz\/wp-content\/uploads\/2025\/08\/iflop-g-scaled.webp\" data-elementor-open-lightbox=\"yes\" data-elementor-lightbox-slideshow=\"421a8eb\" data-elementor-lightbox-title=\"iflop g\" data-e-action-hash=\"#elementor-action%3Aaction%3Dlightbox%26settings%3DeyJpZCI6MTYwLCJ1cmwiOiJodHRwczpcL1wvZm9scHJlY2h0Lmhpc2VvLmN6XC93cC1jb250ZW50XC91cGxvYWRzXC8yMDI1XC8wOFwvaWZsb3AtZy1zY2FsZWQud2VicCIsInNsaWRlc2hvdyI6IjQyMWE4ZWIifQ%3D%3D\">\n\t\t\t\t\t<div class=\"e-gallery-image elementor-gallery-item__image\" data-thumbnail=\"https:\/\/folprecht.hiseo.cz\/wp-content\/uploads\/2025\/08\/iflop-g-768x512.webp\" data-width=\"768\" data-height=\"512\" aria-label=\"\" role=\"img\" ><\/div>\n\t\t\t\t\t\t\t\t\t\t\t<div class=\"elementor-gallery-item__overlay\"><\/div>\n\t\t\t\t\t\t\t\t\t\t\t\t\t\t<\/a>\n\t\t\t\t\t\t\t<a class=\"e-gallery-item elementor-gallery-item elementor-animated-content\" href=\"https:\/\/folprecht.hiseo.cz\/wp-content\/uploads\/2025\/08\/iflop-h-scaled.webp\" data-elementor-open-lightbox=\"yes\" data-elementor-lightbox-slideshow=\"421a8eb\" data-elementor-lightbox-title=\"iflop h\" data-e-action-hash=\"#elementor-action%3Aaction%3Dlightbox%26settings%3DeyJpZCI6MTU4LCJ1cmwiOiJodHRwczpcL1wvZm9scHJlY2h0Lmhpc2VvLmN6XC93cC1jb250ZW50XC91cGxvYWRzXC8yMDI1XC8wOFwvaWZsb3AtaC1zY2FsZWQud2VicCIsInNsaWRlc2hvdyI6IjQyMWE4ZWIifQ%3D%3D\">\n\t\t\t\t\t<div class=\"e-gallery-image elementor-gallery-item__image\" data-thumbnail=\"https:\/\/folprecht.hiseo.cz\/wp-content\/uploads\/2025\/08\/iflop-h-768x512.webp\" data-width=\"768\" data-height=\"512\" aria-label=\"\" role=\"img\" ><\/div>\n\t\t\t\t\t\t\t\t\t\t\t<div class=\"elementor-gallery-item__overlay\"><\/div>\n\t\t\t\t\t\t\t\t\t\t\t\t\t\t<\/a>\n\t\t\t\t\t<\/div>\n\t\t\t\t\t<\/div>\n\t\t\t\t\t<\/div>\n\t\t\t\t<\/div>\n\t\t\t\t\t<\/div>\n\t\t\t\t<\/div>\n\t\t\t\t<\/div>","protected":false},"excerpt":{"rendered":"<p>FOTOVOLTAIKA Nab\u00edz\u00edm profesion\u00e1ln\u00ed instalaci fotovoltaick\u00fdch syst\u00e9m\u016f, kter\u00e9 v\u00e1m umo\u017en\u00ed vyu\u017e\u00edvat energii ze slunce pro v\u00e1\u0161 domov nebo firmu. Porad\u00edm a pomohu v\u00e1m vybrat optim\u00e1ln\u00ed \u0159e\u0161en\u00ed na m\u00edru, navrhnout spr\u00e1vn\u00e9 um\u00edst\u011bn\u00ed panel\u016f a postarat se o jejich instalaci a uveden\u00ed do provozu.\u00a0S fotovoltaikou m\u016f\u017eete sn\u00ed\u017eit n\u00e1klady na energii, z\u00edskat nez\u00e1vislost na dodavatel\u00edch a p\u0159isp\u011bt k ochran\u011b [&hellip;]<\/p>","protected":false},"author":1,"featured_media":0,"parent":0,"menu_order":0,"comment_status":"closed","ping_status":"closed","template":"","meta":{"footnotes":""},"class_list":["post-49","page","type-page","status-publish","hentry"],"yoast_head":"<!-- This site is optimized with the Yoast SEO plugin v25.6 - https:\/\/yoast.com\/wordpress\/plugins\/seo\/ -->\n<title>FOTOVOLTAIKA - iFolpi s.r.o.<\/title>\n<meta name=\"robots\" content=\"index, follow, max-snippet:-1, max-image-preview:large, max-video-preview:-1\" \/>\n<link rel=\"canonical\" href=\"https:\/\/folprecht.hiseo.cz\/en\/fotovoltaika\/\" \/>\n<meta property=\"og:locale\" content=\"en_GB\" \/>\n<meta property=\"og:type\" content=\"article\" \/>\n<meta property=\"og:title\" content=\"FOTOVOLTAIKA - iFolpi s.r.o.\" \/>\n<meta property=\"og:description\" content=\"FOTOVOLTAIKA Nab\u00edz\u00edm profesion\u00e1ln\u00ed instalaci fotovoltaick\u00fdch syst\u00e9m\u016f, kter\u00e9 v\u00e1m umo\u017en\u00ed vyu\u017e\u00edvat energii ze slunce pro v\u00e1\u0161 domov nebo firmu. Porad\u00edm a pomohu v\u00e1m vybrat optim\u00e1ln\u00ed \u0159e\u0161en\u00ed na m\u00edru, navrhnout spr\u00e1vn\u00e9 um\u00edst\u011bn\u00ed panel\u016f a postarat se o jejich instalaci a uveden\u00ed do provozu.\u00a0S fotovoltaikou m\u016f\u017eete sn\u00ed\u017eit n\u00e1klady na energii, z\u00edskat nez\u00e1vislost na dodavatel\u00edch a p\u0159isp\u011bt k ochran\u011b [&hellip;]\" \/>\n<meta property=\"og:url\" content=\"https:\/\/folprecht.hiseo.cz\/en\/fotovoltaika\/\" \/>\n<meta property=\"og:site_name\" content=\"iFolpi s.r.o.\" \/>\n<meta property=\"article:modified_time\" content=\"2026-01-06T23:14:15+00:00\" \/>\n<meta property=\"og:image\" content=\"https:\/\/folprecht.hiseo.cz\/wp-content\/uploads\/2025\/08\/iflopi-i-scaled.webp\" \/>\n\t<meta property=\"og:image:width\" content=\"2500\" \/>\n\t<meta property=\"og:image:height\" content=\"1666\" \/>\n\t<meta property=\"og:image:type\" content=\"image\/webp\" \/>\n<meta name=\"twitter:card\" content=\"summary_large_image\" \/>\n<meta name=\"twitter:label1\" content=\"Estimated reading time\" \/>\n\t<meta name=\"twitter:data1\" content=\"1 minute\" \/>\n<script type=\"application\/ld+json\" class=\"yoast-schema-graph\">{\"@context\":\"https:\/\/schema.org\",\"@graph\":[{\"@type\":\"WebPage\",\"@id\":\"https:\/\/folprecht.hiseo.cz\/fotovoltaika\/\",\"url\":\"https:\/\/folprecht.hiseo.cz\/fotovoltaika\/\",\"name\":\"FOTOVOLTAIKA - iFolpi s.r.o.\",\"isPartOf\":{\"@id\":\"https:\/\/folprecht.hiseo.cz\/#website\"},\"primaryImageOfPage\":{\"@id\":\"https:\/\/folprecht.hiseo.cz\/fotovoltaika\/#primaryimage\"},\"image\":{\"@id\":\"https:\/\/folprecht.hiseo.cz\/fotovoltaika\/#primaryimage\"},\"thumbnailUrl\":\"https:\/\/folprecht.hiseo.cz\/wp-content\/uploads\/2025\/08\/iflopi-i-1024x683.webp\",\"datePublished\":\"2025-07-31T22:55:24+00:00\",\"dateModified\":\"2026-01-06T23:14:15+00:00\",\"breadcrumb\":{\"@id\":\"https:\/\/folprecht.hiseo.cz\/fotovoltaika\/#breadcrumb\"},\"inLanguage\":\"en-GB\",\"potentialAction\":[{\"@type\":\"ReadAction\",\"target\":[\"https:\/\/folprecht.hiseo.cz\/fotovoltaika\/\"]}]},{\"@type\":\"ImageObject\",\"inLanguage\":\"en-GB\",\"@id\":\"https:\/\/folprecht.hiseo.cz\/fotovoltaika\/#primaryimage\",\"url\":\"https:\/\/folprecht.hiseo.cz\/wp-content\/uploads\/2025\/08\/iflopi-i-1024x683.webp\",\"contentUrl\":\"https:\/\/folprecht.hiseo.cz\/wp-content\/uploads\/2025\/08\/iflopi-i-1024x683.webp\"},{\"@type\":\"BreadcrumbList\",\"@id\":\"https:\/\/folprecht.hiseo.cz\/fotovoltaika\/#breadcrumb\",\"itemListElement\":[{\"@type\":\"ListItem\",\"position\":1,\"name\":\"Dom\u016f\",\"item\":\"https:\/\/folprecht.hiseo.cz\/\"},{\"@type\":\"ListItem\",\"position\":2,\"name\":\"FOTOVOLTAIKA\"}]},{\"@type\":\"WebSite\",\"@id\":\"https:\/\/folprecht.hiseo.cz\/#website\",\"url\":\"https:\/\/folprecht.hiseo.cz\/\",\"name\":\"folprecht\",\"description\":\"iFolpi s.r.o. |  ELEKTROINSTALACE | INTERNETOV\u00c9 STR\u00c1NKY | AUDIO-VIDEO | GSM OVL\u00c1D\u00c1N\u00cd\",\"publisher\":{\"@id\":\"https:\/\/folprecht.hiseo.cz\/#organization\"},\"potentialAction\":[{\"@type\":\"SearchAction\",\"target\":{\"@type\":\"EntryPoint\",\"urlTemplate\":\"https:\/\/folprecht.hiseo.cz\/?s={search_term_string}\"},\"query-input\":{\"@type\":\"PropertyValueSpecification\",\"valueRequired\":true,\"valueName\":\"search_term_string\"}}],\"inLanguage\":\"en-GB\"},{\"@type\":\"Organization\",\"@id\":\"https:\/\/folprecht.hiseo.cz\/#organization\",\"name\":\"folprecht\",\"url\":\"https:\/\/folprecht.hiseo.cz\/\",\"logo\":{\"@type\":\"ImageObject\",\"inLanguage\":\"en-GB\",\"@id\":\"https:\/\/folprecht.hiseo.cz\/#\/schema\/logo\/image\/\",\"url\":\"https:\/\/folprecht.hiseo.cz\/wp-content\/uploads\/2025\/08\/Logo_PNG_color_mail_podpis.webp\",\"contentUrl\":\"https:\/\/folprecht.hiseo.cz\/wp-content\/uploads\/2025\/08\/Logo_PNG_color_mail_podpis.webp\",\"width\":206,\"height\":100,\"caption\":\"folprecht\"},\"image\":{\"@id\":\"https:\/\/folprecht.hiseo.cz\/#\/schema\/logo\/image\/\"}}]}<\/script>\n<!-- \/ Yoast SEO plugin. -->","yoast_head_json":{"title":"FOTOVOLTAIKA - iFolpi s.r.o.","robots":{"index":"index","follow":"follow","max-snippet":"max-snippet:-1","max-image-preview":"max-image-preview:large","max-video-preview":"max-video-preview:-1"},"canonical":"https:\/\/folprecht.hiseo.cz\/en\/fotovoltaika\/","og_locale":"en_GB","og_type":"article","og_title":"FOTOVOLTAIKA - iFolpi s.r.o.","og_description":"FOTOVOLTAIKA Nab\u00edz\u00edm profesion\u00e1ln\u00ed instalaci fotovoltaick\u00fdch syst\u00e9m\u016f, kter\u00e9 v\u00e1m umo\u017en\u00ed vyu\u017e\u00edvat energii ze slunce pro v\u00e1\u0161 domov nebo firmu. Porad\u00edm a pomohu v\u00e1m vybrat optim\u00e1ln\u00ed \u0159e\u0161en\u00ed na m\u00edru, navrhnout spr\u00e1vn\u00e9 um\u00edst\u011bn\u00ed panel\u016f a postarat se o jejich instalaci a uveden\u00ed do provozu.\u00a0S fotovoltaikou m\u016f\u017eete sn\u00ed\u017eit n\u00e1klady na energii, z\u00edskat nez\u00e1vislost na dodavatel\u00edch a p\u0159isp\u011bt k ochran\u011b [&hellip;]","og_url":"https:\/\/folprecht.hiseo.cz\/en\/fotovoltaika\/","og_site_name":"iFolpi s.r.o.","article_modified_time":"2026-01-06T23:14:15+00:00","og_image":[{"width":2500,"height":1666,"url":"https:\/\/folprecht.hiseo.cz\/wp-content\/uploads\/2025\/08\/iflopi-i-scaled.webp","type":"image\/webp"}],"twitter_card":"summary_large_image","twitter_misc":{"Estimated reading time":"1 minute"},"schema":{"@context":"https:\/\/schema.org","@graph":[{"@type":"WebPage","@id":"https:\/\/folprecht.hiseo.cz\/fotovoltaika\/","url":"https:\/\/folprecht.hiseo.cz\/fotovoltaika\/","name":"FOTOVOLTAIKA - iFolpi s.r.o.","isPartOf":{"@id":"https:\/\/folprecht.hiseo.cz\/#website"},"primaryImageOfPage":{"@id":"https:\/\/folprecht.hiseo.cz\/fotovoltaika\/#primaryimage"},"image":{"@id":"https:\/\/folprecht.hiseo.cz\/fotovoltaika\/#primaryimage"},"thumbnailUrl":"https:\/\/folprecht.hiseo.cz\/wp-content\/uploads\/2025\/08\/iflopi-i-1024x683.webp","datePublished":"2025-07-31T22:55:24+00:00","dateModified":"2026-01-06T23:14:15+00:00","breadcrumb":{"@id":"https:\/\/folprecht.hiseo.cz\/fotovoltaika\/#breadcrumb"},"inLanguage":"en-GB","potentialAction":[{"@type":"ReadAction","target":["https:\/\/folprecht.hiseo.cz\/fotovoltaika\/"]}]},{"@type":"ImageObject","inLanguage":"en-GB","@id":"https:\/\/folprecht.hiseo.cz\/fotovoltaika\/#primaryimage","url":"https:\/\/folprecht.hiseo.cz\/wp-content\/uploads\/2025\/08\/iflopi-i-1024x683.webp","contentUrl":"https:\/\/folprecht.hiseo.cz\/wp-content\/uploads\/2025\/08\/iflopi-i-1024x683.webp"},{"@type":"BreadcrumbList","@id":"https:\/\/folprecht.hiseo.cz\/fotovoltaika\/#breadcrumb","itemListElement":[{"@type":"ListItem","position":1,"name":"Dom\u016f","item":"https:\/\/folprecht.hiseo.cz\/"},{"@type":"ListItem","position":2,"name":"FOTOVOLTAIKA"}]},{"@type":"WebSite","@id":"https:\/\/folprecht.hiseo.cz\/#website","url":"https:\/\/folprecht.hiseo.cz\/","name":"folprecht","description":"iFolpi s.r.o. |  ELEKTROINSTALACE | INTERNETOV\u00c9 STR\u00c1NKY | AUDIO-VIDEO | GSM OVL\u00c1D\u00c1N\u00cd","publisher":{"@id":"https:\/\/folprecht.hiseo.cz\/#organization"},"potentialAction":[{"@type":"SearchAction","target":{"@type":"EntryPoint","urlTemplate":"https:\/\/folprecht.hiseo.cz\/?s={search_term_string}"},"query-input":{"@type":"PropertyValueSpecification","valueRequired":true,"valueName":"search_term_string"}}],"inLanguage":"en-GB"},{"@type":"Organization","@id":"https:\/\/folprecht.hiseo.cz\/#organization","name":"folprecht","url":"https:\/\/folprecht.hiseo.cz\/","logo":{"@type":"ImageObject","inLanguage":"en-GB","@id":"https:\/\/folprecht.hiseo.cz\/#\/schema\/logo\/image\/","url":"https:\/\/folprecht.hiseo.cz\/wp-content\/uploads\/2025\/08\/Logo_PNG_color_mail_podpis.webp","contentUrl":"https:\/\/folprecht.hiseo.cz\/wp-content\/uploads\/2025\/08\/Logo_PNG_color_mail_podpis.webp","width":206,"height":100,"caption":"folprecht"},"image":{"@id":"https:\/\/folprecht.hiseo.cz\/#\/schema\/logo\/image\/"}}]}},"_links":{"self":[{"href":"https:\/\/folprecht.hiseo.cz\/en\/wp-json\/wp\/v2\/pages\/49","targetHints":{"allow":["GET"]}}],"collection":[{"href":"https:\/\/folprecht.hiseo.cz\/en\/wp-json\/wp\/v2\/pages"}],"about":[{"href":"https:\/\/folprecht.hiseo.cz\/en\/wp-json\/wp\/v2\/types\/page"}],"author":[{"embeddable":true,"href":"https:\/\/folprecht.hiseo.cz\/en\/wp-json\/wp\/v2\/users\/1"}],"replies":[{"embeddable":true,"href":"https:\/\/folprecht.hiseo.cz\/en\/wp-json\/wp\/v2\/comments?post=49"}],"version-history":[{"count":0,"href":"https:\/\/folprecht.hiseo.cz\/en\/wp-json\/wp\/v2\/pages\/49\/revisions"}],"wp:attachment":[{"href":"https:\/\/folprecht.hiseo.cz\/en\/wp-json\/wp\/v2\/media?parent=49"}],"curies":[{"name":"wp","href":"https:\/\/api.w.org\/{rel}","templated":true}]}}